{"id":1027,"date":"2019-06-14T11:00:57","date_gmt":"2019-06-14T09:00:57","guid":{"rendered":"http:\/\/alpine-airlines.com\/\/bases\/"},"modified":"2020-04-24T07:36:25","modified_gmt":"2020-04-24T05:36:25","slug":"bases-altiport-courchevel-aeroport-chambery-saint-tropez-aix-les-bains","status":"publish","type":"page","link":"http:\/\/alpine-airlines.com\/en\/bases-altiport-courchevel-aeroport-chambery-saint-tropez-aix-les-bains\/","title":{"rendered":"Bases"},"content":{"rendered":"\n<h1 style=\"text-align:center\">OUR BASES<\/h1>\n\n<h2 style=\"text-align:center\"><strong>Chamb\u00e9ry &#8211; LFLB | Courchevel &#8211; LFLJ | Saint-Tropez<\/strong> &#8211; <strong>LFTZ<\/strong><\/h2>\n\n<div style=\"height:20px\" aria-hidden=\"true\" class=\"wp-block-spacer\"><\/div>\n\n<h3 style=\"text-align:center\">3 bases located in the Alps and C\u00f4te d&#8217;Azur region, to stay as close as possible to our passengers.<\/h3>\n\n<p style=\"text-align:center\">These bases have passenger capacity, hangars for our planes and offices for the use of our employees.<\/p>\n\n<hr class=\"wp-block-separator\"\/>\n\n<div class=\"wp-block-columns has-3-columns\">\n<div class=\"wp-block-column\">\n<h2 style=\"text-align:center\">Courchevel<\/h2>\n\n\n\n<p style=\"text-align:center\" class=\"has-medium-font-size\">Main base<\/p>\n\n\n\n<figure class=\"wp-block-image\"><a href=\"alpine-airlines.com\/_preprod_\/altiport-de-courchevel-vols-transferts-avion-toute-lannee\/\"><img src=\"http:\/\/alpine-airlines.com\/\/wp-content\/uploads\/2019\/05\/LFLJ-4.jpg\" alt=\"Bases Alpine airlines altiport de Courchevel LFLJ Chamb&#xE9;ry LFLB Saint Tropez La Mole LFTZ Transport de passager charter liaisons Paris Geneve Zurich Corse figari Calvi\" class=\"wp-image-324\"\/><\/a><\/figure>\n\n\n<div style=\"height:25px\" aria-hidden=\"true\" class=\"wp-block-spacer\"><\/div>\n\n\n\n<p>Located in the heart of the world&#8217;s largest ski area, the three valleys, the prestigious resort is an <strong>international benchmark<\/strong> in the landscape of high-end winter sports. <\/p>\n\n\n\n<p><strong>With Alpine airlines<\/strong> and its base located on the Altiport of Courchevel, it has never been easier to reach the resort to enjoy its incredible ski area, its very high quality of hotel, its luxury shops as well as its typical and gastronomic restaurants. <\/p>\n\n\n\n<p>Alpine airlines is the <strong>only airline<\/strong> to have the necessary accreditations to carry out commercial flights on this mythical runway. <\/p>\n<\/div>\n\n\n\n<div class=\"wp-block-column\">\n<h2 style=\"text-align:center\">Chamb\u00e9ry<\/h2>\n\n\n\n<p style=\"text-align:center\" class=\"has-medium-font-size\">Main Base<\/p>\n\n\n\n<figure class=\"wp-block-image\"><img src=\"http:\/\/alpine-airlines.com\/\/wp-content\/uploads\/2019\/05\/LFLB-5.jpg\" alt=\"Bases Alpine airlines altiport of Courchevel LFLJ Chamb&#xE9;ry LFLB Saint Tropez La Mole LFTZ Passenger transport charter routes Paris Geneve Zurich Corse figari Calvi\" class=\"wp-image-331\"\/><\/figure>\n\n\n<div style=\"height:25px\" aria-hidden=\"true\" class=\"wp-block-spacer\"><\/div>\n\n\n\n<p> International Airport hosting the <strong>3rd most important private aircraft traffic<\/strong> in France after Paris-Le Bourget and Cannes. <\/p>\n\n\n\n<p>This platform has the reception facilities to organise the best travel to and from the Rh\u00f4ne-Alpes region. <\/p>\n\n\n\n<p>It is also the closest international airport to the <strong>major ski resorts<\/strong> of the French Alps to host private jets . <\/p>\n<\/div>\n\n\n\n<div class=\"wp-block-column\">\n<h2 style=\"text-align:center\">Saint-Tropez<\/h2>\n\n\n\n<p style=\"text-align:center\" class=\"has-medium-font-size\">Summer Base<\/p>\n\n\n\n<figure class=\"wp-block-image\"><a href=\"flights-saint-tropez-corse-nice-cannes\"><img src=\"http:\/\/alpine-airlines.com\/\/wp-content\/uploads\/2019\/05\/LFTZ-4.jpg\" alt=\"Bases Alpine airlines altiport de Courchevel LFLJ Chamb&#xE9;ry LFLB Saint Tropez La Mole LFTZ Transport de passager charter liaisons Paris Geneve Zurich Corse figari Calvi\" class=\"wp-image-327\"\/><\/a><\/figure>\n\n\n<div style=\"height:25px\" aria-hidden=\"true\" class=\"wp-block-spacer\"><\/div>\n\n\n\n<p>Located between Cogolin and La Mole, the <strong class=\"\">international airport of Saint-Tropez<\/strong> welcomes 4 000 planes or 8 000 movements for several thousand passengers over the year.<\/p>\n\n\n\n<p>At the entrance to the Gulf and 15 kilometers from Saint-Tropez, the airport is ideal for <strong class=\"\">business aviation<\/strong>.\n Elegant premises, personalized service and very attentive for all \nreception, passenger and crew assistance operations.<\/p>\n\n\n\n<p>In its lush greenery, the Airport offers a set of technologies that are both modern and efficient.<\/p>\n\n\n\n<p>Saint-Tropez Alpine Airlines Base \nairlines is open all summer to serve the stations \nma&#8217;aleneers of the Corniche des Moors, from Lavandou to Saint-Tropez, as well as \nCorsica and Italy among other destinations with a maximum of \nflexibility and optimal flight times.<\/p>\n<\/div>\n<\/div>\n\n<hr class=\"wp-block-separator\"\/>\n\n<blockquote style=\"text-align:center\" class=\"wp-block-quote\"><p>&#8220;Montagnes si belles, je vous aime et puisque vous ne pouvez venir \u00e0 moi, permettez que j aille vers vous, \u00e0 pied ou en avion, vous faire la cour. Mes pens\u00e9es seront pures, je vous boirai des yeux, j \u00e9couterai vos silences et vos tonnerres ;je vous demande une caresse de mes ailes, un respectueux baisemain tout au plus ! Et jusqu&#8217;\u00e0 la fin de ma vie que je vous donne, je crierai : j&#8217;ai vu le Paradis Terrestre, j&#8217;ai vu la grandeur et la vraie beaut\u00e9, la mesquinerie n&#8217;existe pas&#8221;. <\/p><cite>Henri Giraud &#8211; Pilote de glacier<\/cite><\/blockquote>\n\n<p\/>\n","protected":false},"excerpt":{"rendered":"<p>OUR BASES Chamb\u00e9ry &#8211; LFLB | Courchevel &#8211; LFLJ | Saint-Tropez &#8211; LFTZ 3 bases located in the Alps and C\u00f4te d&#8217;Azur region, to stay as close as possible to our passengers. These bases have passenger capacity, hangars for our planes and offices for the use of our employees. Courchevel Main base Located in the &#8230; <a title=\"Bases\" class=\"read-more\" href=\"http:\/\/alpine-airlines.com\/en\/bases-altiport-courchevel-aeroport-chambery-saint-tropez-aix-les-bains\/\" aria-label=\"More on Bases\">Read more<\/a><\/p>\n","protected":false},"author":2,"featured_media":0,"parent":0,"menu_order":0,"comment_status":"closed","ping_status":"closed","template":"","meta":{"advgb_blocks_editor_width":"","advgb_blocks_columns_visual_guide":"","spay_email":""},"yoast_head":"<!-- This site is optimized with the Yoast SEO plugin v16.6 - https:\/\/yoast.com\/wordpress\/plugins\/seo\/ -->\n<title>Nos Bases | Courchevel | Chamb\u00e9ry | Saint-Tropez - Alpine Airlines<\/title>\n<meta name=\"description\" content=\"The main Alpine airlines bases: Altiport de Courchevel | Chambery | Saint-Tropez - Our bases are open to passengers all year round.\" \/>\n<meta name=\"robots\" content=\"index, follow, max-snippet:-1, max-image-preview:large, max-video-preview:-1\" \/>\n<link rel=\"canonical\" href=\"http:\/\/alpine-airlines.com\/en\/bases-altiport-courchevel-aeroport-chambery-saint-tropez-aix-les-bains\/\" \/>\n<meta property=\"og:locale\" content=\"en_US\" \/>\n<meta property=\"og:type\" content=\"article\" \/>\n<meta property=\"og:title\" content=\"Nos Bases | Courchevel | Chamb\u00e9ry | Saint-Tropez - Alpine Airlines\" \/>\n<meta property=\"og:description\" content=\"The main Alpine airlines bases: Altiport de Courchevel | Chambery | Saint-Tropez - Our bases are open to passengers all year round.\" \/>\n<meta property=\"og:url\" content=\"http:\/\/alpine-airlines.com\/en\/bases-altiport-courchevel-aeroport-chambery-saint-tropez-aix-les-bains\/\" \/>\n<meta property=\"og:site_name\" content=\"Alpine Airlines\" \/>\n<meta property=\"article:modified_time\" content=\"2020-04-24T05:36:25+00:00\" \/>\n<meta property=\"og:image\" content=\"http:\/\/alpine-airlines.com\/\/wp-content\/uploads\/2019\/05\/LFLJ-4.jpg\" \/>\n<meta name=\"twitter:card\" content=\"summary_large_image\" \/>\n<meta name=\"twitter:label1\" content=\"Est. reading time\" \/>\n\t<meta name=\"twitter:data1\" content=\"2 minutes\" \/>\n<script type=\"application\/ld+json\" class=\"yoast-schema-graph\">{\"@context\":\"https:\/\/schema.org\",\"@graph\":[{\"@type\":\"WebSite\",\"@id\":\"http:\/\/alpine-airlines.com\/en\/#website\",\"url\":\"http:\/\/alpine-airlines.com\/en\/\",\"name\":\"Alpine Airlines\",\"description\":\"Compagnie A\\u00e9rienne de Montagne\",\"potentialAction\":[{\"@type\":\"SearchAction\",\"target\":{\"@type\":\"EntryPoint\",\"urlTemplate\":\"http:\/\/alpine-airlines.com\/en\/?s={search_term_string}\"},\"query-input\":\"required name=search_term_string\"}],\"inLanguage\":\"en-US\"},{\"@type\":\"ImageObject\",\"@id\":\"http:\/\/alpine-airlines.com\/en\/bases-altiport-courchevel-aeroport-chambery-saint-tropez-aix-les-bains\/#primaryimage\",\"inLanguage\":\"en-US\",\"url\":\"http:\/\/alpine-airlines.com\/\/wp-content\/uploads\/2019\/05\/LFLJ-4.jpg\",\"contentUrl\":\"http:\/\/alpine-airlines.com\/\/wp-content\/uploads\/2019\/05\/LFLJ-4.jpg\"},{\"@type\":\"WebPage\",\"@id\":\"http:\/\/alpine-airlines.com\/en\/bases-altiport-courchevel-aeroport-chambery-saint-tropez-aix-les-bains\/#webpage\",\"url\":\"http:\/\/alpine-airlines.com\/en\/bases-altiport-courchevel-aeroport-chambery-saint-tropez-aix-les-bains\/\",\"name\":\"Nos Bases | Courchevel | Chamb\\u00e9ry | Saint-Tropez - Alpine Airlines\",\"isPartOf\":{\"@id\":\"http:\/\/alpine-airlines.com\/en\/#website\"},\"primaryImageOfPage\":{\"@id\":\"http:\/\/alpine-airlines.com\/en\/bases-altiport-courchevel-aeroport-chambery-saint-tropez-aix-les-bains\/#primaryimage\"},\"datePublished\":\"2019-06-14T09:00:57+00:00\",\"dateModified\":\"2020-04-24T05:36:25+00:00\",\"description\":\"The main Alpine airlines bases: Altiport de Courchevel | Chambery | Saint-Tropez - Our bases are open to passengers all year round.\",\"breadcrumb\":{\"@id\":\"http:\/\/alpine-airlines.com\/en\/bases-altiport-courchevel-aeroport-chambery-saint-tropez-aix-les-bains\/#breadcrumb\"},\"inLanguage\":\"en-US\",\"potentialAction\":[{\"@type\":\"ReadAction\",\"target\":[\"http:\/\/alpine-airlines.com\/en\/bases-altiport-courchevel-aeroport-chambery-saint-tropez-aix-les-bains\/\"]}]},{\"@type\":\"BreadcrumbList\",\"@id\":\"http:\/\/alpine-airlines.com\/en\/bases-altiport-courchevel-aeroport-chambery-saint-tropez-aix-les-bains\/#breadcrumb\",\"itemListElement\":[{\"@type\":\"ListItem\",\"position\":1,\"name\":\"Accueil\",\"item\":\"http:\/\/alpine-airlines.com\/en\/\"},{\"@type\":\"ListItem\",\"position\":2,\"name\":\"Bases\"}]}]}<\/script>\n<!-- \/ Yoast SEO plugin. -->","coauthors":[],"author_meta":{"author_link":"http:\/\/alpine-airlines.com\/en\/author\/alpine_airlines\/","display_name":"Alpine Airlines"},"relative_dates":{"created":"Posted 7 years ago","modified":"Updated 6 years ago"},"absolute_dates":{"created":"Posted on 14 June 2019","modified":"Updated on 24 April 2020"},"absolute_dates_time":{"created":"Posted on 14 June 2019 11 h 00 min","modified":"Updated on 24 April 2020 7 h 36 min"},"featured_img_caption":"","_links":{"self":[{"href":"http:\/\/alpine-airlines.com\/en\/wp-json\/wp\/v2\/pages\/1027"}],"collection":[{"href":"http:\/\/alpine-airlines.com\/en\/wp-json\/wp\/v2\/pages"}],"about":[{"href":"http:\/\/alpine-airlines.com\/en\/wp-json\/wp\/v2\/types\/page"}],"author":[{"embeddable":true,"href":"http:\/\/alpine-airlines.com\/en\/wp-json\/wp\/v2\/users\/2"}],"replies":[{"embeddable":true,"href":"http:\/\/alpine-airlines.com\/en\/wp-json\/wp\/v2\/comments?post=1027"}],"version-history":[{"count":11,"href":"http:\/\/alpine-airlines.com\/en\/wp-json\/wp\/v2\/pages\/1027\/revisions"}],"predecessor-version":[{"id":16430,"href":"http:\/\/alpine-airlines.com\/en\/wp-json\/wp\/v2\/pages\/1027\/revisions\/16430"}],"wp:attachment":[{"href":"http:\/\/alpine-airlines.com\/en\/wp-json\/wp\/v2\/media?parent=1027"}],"curies":[{"name":"wp","href":"https:\/\/api.w.org\/{rel}","templated":true}]}}