{"id":1150,"date":"2019-06-17T22:05:41","date_gmt":"2019-06-17T20:05:41","guid":{"rendered":"http:\/\/alpine-airlines.com\/\/vulcanair-p68-turbo-observer\/"},"modified":"2021-07-08T10:36:56","modified_gmt":"2021-07-08T08:36:56","slug":"vulcanair-p68","status":"publish","type":"page","link":"http:\/\/alpine-airlines.com\/en\/vulcanair-p68\/","title":{"rendered":"Vulcanair P68 Turbo Observer"},"content":{"rendered":"\n<h1 style=\"text-align:center\">Vulcanair P68 Turbo Observer<\/h1>\n\n<h2 style=\"text-align:center\">Built: Avril 2015<\/h2>\n\n<hr class=\"wp-block-separator is-style-wide\"\/>\n\n<h3 style=\"text-align:center\"><strong>Performance &amp; Specifications<\/strong><\/h3>\n\n<ul><li><strong>FAST <\/strong><\/li><\/ul>\n<p>30% faster than helicopters<\/p>\n\n<ul><li><strong>SPACIOUS <\/strong><\/li><\/ul>\n<p>Can fit up to 5 passengers and their luggage<\/p>\n\n<ul><li><strong>SAFE <\/strong><\/li><\/ul>\n<p>High-performance twin-engine aircraft: thanks to its short take-off and landing performance, the P68 TURBO OBSERVER can use runways less than 700 meters long, which gives it access to 95% of all the aerodromes in Europe.<\/p>\n\n<ul><li><strong>CRUISE SPEED <\/strong><\/li><\/ul>\n<p>180 kts, 330 km\/h (190 mph)<\/p>\n\n<ul><li><strong>RANGE<\/strong><\/li><\/ul>\n<p>1 950 km<\/p>\n\n<ul><li><strong>BAGGAGE<\/strong> <strong>CAPACITY<\/strong><\/li><\/ul>\n<p>It also has a large cargo hold (about 1 m3), which allows you to carry up to 150 kg of baggage depending the travelling distance (depending on fuel weight). Golf bags can be transported with no problem.<\/p>\n\n<ul><li><strong>MAXIMUM ALTITUDE<\/strong><\/li><\/ul>\n<p>20 000 ft, 6100 m<\/p>\n\n<ul><li><strong>LANDING DISTANCE <\/strong><\/li><\/ul>\n<p>500 m<\/p>\n\n<hr class=\"wp-block-separator is-style-wide\"\/>\n\n<h4 style=\"text-align:center\"><strong>Panorama<\/strong><\/h4>\n\n<p>The Vulcanair P68 Turbo Observer is equipped with a fully transparent plexiglass cockpit and large windows for each seat.<\/p>\n\n<p>The five passengers onboard get a grandiose panoramic vision, ideal for our sightseeing tours above the Alps, but also with our business aviation routes where it is always nice to see different types of landscapes while you are traveling.<\/p>\n\n<div class=\"wp-block-image\"><figure class=\"aligncenter is-resized\"><img loading=\"lazy\" src=\"http:\/\/alpine-airlines.com\/wp-content\/uploads\/2019\/05\/avionface-o67eqbsm86hxmn2wz9qwfhhmxmtki2oa9u56xhdekg.jpg\" alt=\"\" class=\"wp-image-812\" width=\"615\" height=\"346\" srcset=\"http:\/\/alpine-airlines.com\/wp-content\/uploads\/2019\/05\/avionface-o67eqbsm86hxmn2wz9qwfhhmxmtki2oa9u56xhdekg.jpg 510w, http:\/\/alpine-airlines.com\/wp-content\/uploads\/2019\/05\/avionface-o67eqbsm86hxmn2wz9qwfhhmxmtki2oa9u56xhdekg-300x169.jpg 300w\" sizes=\"(max-width: 615px) 100vw, 615px\" \/><\/figure><\/div>\n\n<h4 style=\"text-align:center\"><strong>Exterior<\/strong><\/h4>\n\n<div class=\"wp-block-image\"><figure class=\"aligncenter is-resized\"><img loading=\"lazy\" src=\"http:\/\/alpine-airlines.com\/wp-content\/uploads\/2019\/05\/interieur-P68-2-o67epnctahkh8s2exz6lmnnnhm60xxz9ih6kgadn28.jpg\" alt=\"\" class=\"wp-image-815\" width=\"615\" height=\"346\"\/><\/figure><\/div>\n\n<h4 style=\"text-align:center\"><strong>Inside<\/strong><\/h4>\n\n<div style=\"height:20px\" aria-hidden=\"true\" class=\"wp-block-spacer\"><\/div>\n\n<p><strong>For your well-being, every detail counts.<\/strong><\/p>\n\n<p>You will have refreshing drinks onboard, a USB charger for your smartphone or tablet.<\/p>\n\n<p><strong>BOSE TECHNOLOGY<\/strong><\/p>\n\n<p>All passengers can wear a next generation BOSE headset for an optimum comfort.<\/p>\n\n<p><strong>CABIN LAYOUT<\/strong><\/p>\n\n<p>Here&#8217;s a look at the 5-passenger cabin configuration. For a two-passenger VIP configuration, the central row of seats is removed.<\/p>\n\n<div class=\"wp-block-image\"><figure class=\"aligncenter is-resized\"><img loading=\"lazy\" src=\"http:\/\/alpine-airlines.com\/wp-content\/uploads\/2019\/08\/Plan-cabine-FHSKI.jpg\" alt=\"Cabin P68 turbo Alpine Airlines\" class=\"wp-image-2838\" width=\"457\" height=\"423\" srcset=\"http:\/\/alpine-airlines.com\/wp-content\/uploads\/2019\/08\/Plan-cabine-FHSKI.jpg 943w, http:\/\/alpine-airlines.com\/wp-content\/uploads\/2019\/08\/Plan-cabine-FHSKI-300x277.jpg 300w, http:\/\/alpine-airlines.com\/wp-content\/uploads\/2019\/08\/Plan-cabine-FHSKI-768x710.jpg 768w, http:\/\/alpine-airlines.com\/wp-content\/uploads\/2019\/08\/Plan-cabine-FHSKI-600x555.jpg 600w\" sizes=\"(max-width: 457px) 100vw, 457px\" \/><\/figure><\/div>\n\n<p><strong>Want a bigger plane? Faster?<\/strong><\/p>\n\n<p style=\"text-align:center\"><em><a href=\"http:\/\/alpine-airlines.com\/en\/aircraft-vulcanair-aviator-tp-600-alpine-airlines\/\">Check out the performance of our aviator TP600 twin-turbine!<\/a><\/em><\/p>\n","protected":false},"excerpt":{"rendered":"<p>Vulcanair P68 Turbo Observer Built: Avril 2015 Performance &amp; Specifications FAST 30% faster than helicopters SPACIOUS Can fit up to 5 passengers and their luggage SAFE High-performance twin-engine aircraft: thanks to its short take-off and landing performance, the P68 TURBO OBSERVER can use runways less than 700 meters long, which gives it access to 95% &#8230; <a title=\"Vulcanair P68 Turbo Observer\" class=\"read-more\" href=\"http:\/\/alpine-airlines.com\/en\/vulcanair-p68\/\" aria-label=\"More on Vulcanair P68 Turbo Observer\">Read more<\/a><\/p>\n","protected":false},"author":2,"featured_media":2828,"parent":0,"menu_order":0,"comment_status":"closed","ping_status":"closed","template":"","meta":{"advgb_blocks_editor_width":"","advgb_blocks_columns_visual_guide":"","spay_email":""},"yoast_head":"<!-- This site is optimized with the Yoast SEO plugin v16.6 - https:\/\/yoast.com\/wordpress\/plugins\/seo\/ -->\n<title>Vulcanair P68 Turbo Observer - Alpine Airlines<\/title>\n<meta name=\"description\" content=\"Alpine Airlines&#039; Vulcanair P68 aircraft is used for private and charter flights from Courchevel, Saint Tropez, Lyon and Geneva.\" \/>\n<meta name=\"robots\" content=\"index, follow, max-snippet:-1, max-image-preview:large, max-video-preview:-1\" \/>\n<link rel=\"canonical\" href=\"http:\/\/alpine-airlines.com\/en\/vulcanair-p68\/\" \/>\n<meta property=\"og:locale\" content=\"en_US\" \/>\n<meta property=\"og:type\" content=\"article\" \/>\n<meta property=\"og:title\" content=\"Vulcanair P68 Turbo Observer - Alpine Airlines\" \/>\n<meta property=\"og:description\" content=\"Alpine Airlines&#039; Vulcanair P68 aircraft is used for private and charter flights from Courchevel, Saint Tropez, Lyon and Geneva.\" \/>\n<meta property=\"og:url\" content=\"http:\/\/alpine-airlines.com\/en\/vulcanair-p68\/\" \/>\n<meta property=\"og:site_name\" content=\"Alpine Airlines\" \/>\n<meta property=\"article:modified_time\" content=\"2021-07-08T08:36:56+00:00\" \/>\n<meta property=\"og:image\" content=\"http:\/\/alpine-airlines.com\/wp-content\/uploads\/2019\/08\/P68turbo_courchevel.jpg\" \/>\n\t<meta property=\"og:image:width\" content=\"1920\" \/>\n\t<meta property=\"og:image:height\" content=\"1280\" \/>\n<meta name=\"twitter:card\" content=\"summary_large_image\" \/>\n<meta name=\"twitter:label1\" content=\"Est. reading time\" \/>\n\t<meta name=\"twitter:data1\" content=\"1 minute\" \/>\n<script type=\"application\/ld+json\" class=\"yoast-schema-graph\">{\"@context\":\"https:\/\/schema.org\",\"@graph\":[{\"@type\":\"WebSite\",\"@id\":\"http:\/\/alpine-airlines.com\/en\/#website\",\"url\":\"http:\/\/alpine-airlines.com\/en\/\",\"name\":\"Alpine Airlines\",\"description\":\"Compagnie A\\u00e9rienne de Montagne\",\"potentialAction\":[{\"@type\":\"SearchAction\",\"target\":{\"@type\":\"EntryPoint\",\"urlTemplate\":\"http:\/\/alpine-airlines.com\/en\/?s={search_term_string}\"},\"query-input\":\"required name=search_term_string\"}],\"inLanguage\":\"en-US\"},{\"@type\":\"ImageObject\",\"@id\":\"http:\/\/alpine-airlines.com\/en\/vulcanair-p68\/#primaryimage\",\"inLanguage\":\"en-US\",\"url\":\"http:\/\/alpine-airlines.com\/wp-content\/uploads\/2019\/08\/P68turbo_courchevel.jpg\",\"contentUrl\":\"http:\/\/alpine-airlines.com\/wp-content\/uploads\/2019\/08\/P68turbo_courchevel.jpg\",\"width\":1920,\"height\":1280,\"caption\":\"Air taxi transferts charter airlines avion Alpine Airlines Alpes Chamb\\u00e9ry Courchevel altiport 3 vall\\u00e9es compagnie a\\u00e9rienne business flight private aircraft Paris Geneve Zurich Nice Cannes\"},{\"@type\":\"WebPage\",\"@id\":\"http:\/\/alpine-airlines.com\/en\/vulcanair-p68\/#webpage\",\"url\":\"http:\/\/alpine-airlines.com\/en\/vulcanair-p68\/\",\"name\":\"Vulcanair P68 Turbo Observer - Alpine Airlines\",\"isPartOf\":{\"@id\":\"http:\/\/alpine-airlines.com\/en\/#website\"},\"primaryImageOfPage\":{\"@id\":\"http:\/\/alpine-airlines.com\/en\/vulcanair-p68\/#primaryimage\"},\"datePublished\":\"2019-06-17T20:05:41+00:00\",\"dateModified\":\"2021-07-08T08:36:56+00:00\",\"description\":\"Alpine Airlines' Vulcanair P68 aircraft is used for private and charter flights from Courchevel, Saint Tropez, Lyon and Geneva.\",\"breadcrumb\":{\"@id\":\"http:\/\/alpine-airlines.com\/en\/vulcanair-p68\/#breadcrumb\"},\"inLanguage\":\"en-US\",\"potentialAction\":[{\"@type\":\"ReadAction\",\"target\":[\"http:\/\/alpine-airlines.com\/en\/vulcanair-p68\/\"]}]},{\"@type\":\"BreadcrumbList\",\"@id\":\"http:\/\/alpine-airlines.com\/en\/vulcanair-p68\/#breadcrumb\",\"itemListElement\":[{\"@type\":\"ListItem\",\"position\":1,\"name\":\"Accueil\",\"item\":\"http:\/\/alpine-airlines.com\/en\/\"},{\"@type\":\"ListItem\",\"position\":2,\"name\":\"Vulcanair P68 Turbo Observer\"}]}]}<\/script>\n<!-- \/ Yoast SEO plugin. -->","coauthors":[],"author_meta":{"author_link":"http:\/\/alpine-airlines.com\/en\/author\/alpine_airlines\/","display_name":"Alpine Airlines"},"relative_dates":{"created":"Posted 7 years ago","modified":"Updated 5 years ago"},"absolute_dates":{"created":"Posted on 17 June 2019","modified":"Updated on 8 July 2021"},"absolute_dates_time":{"created":"Posted on 17 June 2019 22 h 05 min","modified":"Updated on 8 July 2021 10 h 36 min"},"featured_img_caption":"Air taxi transferts charter airlines avion Alpine Airlines Alpes Chamb\u00e9ry Courchevel altiport 3 vall\u00e9es compagnie a\u00e9rienne business flight private aircraft Paris Geneve Zurich Nice Cannes","_links":{"self":[{"href":"http:\/\/alpine-airlines.com\/en\/wp-json\/wp\/v2\/pages\/1150"}],"collection":[{"href":"http:\/\/alpine-airlines.com\/en\/wp-json\/wp\/v2\/pages"}],"about":[{"href":"http:\/\/alpine-airlines.com\/en\/wp-json\/wp\/v2\/types\/page"}],"author":[{"embeddable":true,"href":"http:\/\/alpine-airlines.com\/en\/wp-json\/wp\/v2\/users\/2"}],"replies":[{"embeddable":true,"href":"http:\/\/alpine-airlines.com\/en\/wp-json\/wp\/v2\/comments?post=1150"}],"version-history":[{"count":10,"href":"http:\/\/alpine-airlines.com\/en\/wp-json\/wp\/v2\/pages\/1150\/revisions"}],"predecessor-version":[{"id":39386,"href":"http:\/\/alpine-airlines.com\/en\/wp-json\/wp\/v2\/pages\/1150\/revisions\/39386"}],"wp:featuredmedia":[{"embeddable":true,"href":"http:\/\/alpine-airlines.com\/en\/wp-json\/wp\/v2\/media\/2828"}],"wp:attachment":[{"href":"http:\/\/alpine-airlines.com\/en\/wp-json\/wp\/v2\/media?parent=1150"}],"curies":[{"name":"wp","href":"https:\/\/api.w.org\/{rel}","templated":true}]}}