{"id":3251,"date":"2019-08-20T12:02:23","date_gmt":"2019-08-20T10:02:23","guid":{"rendered":"http:\/\/alpine-airlines.com\/\/chambery-aix-bourget-lake-first-flight\/"},"modified":"2024-05-29T12:15:11","modified_gmt":"2024-05-29T10:15:11","slug":"chambery-aix-bourget-lake-first-flight","status":"publish","type":"page","link":"http:\/\/alpine-airlines.com\/en\/chambery-aix-bourget-lake-first-flight\/","title":{"rendered":"Bourget Lake"},"content":{"rendered":"\n<h2 class=\"has-text-align-left\"><strong>Experience your first flight<\/strong> from Chamb\u00e9ry airport&#8230;<\/h2>\n\n<h2 class=\"has-text-align-right\">And discover the landscapes of Savoy as seen from above!<\/h2>\n\n<h4>A stunning experience to be shared!<\/h4>\n\n<p><strong>From Chambery airport towards Savoy summits <\/strong><\/p>\n\n<p>This 15 minute flight flies over Lake Bourget, France&#8217;s largest natural lake! <\/p>\n\n<p>You will fly over Aix Les Bains and Hautecombe Abbey <\/p>\n\n<h2 class=\"has-text-align-center red-message has-medium-font-size\"><strong>60\u20ac<\/strong> par personne<br\/><strong>15 min<\/strong> de Vol<\/h2>\n\n<h3>Any questions about this flight?<\/h3>\n\n<p><strong>When and where?<\/strong> Departing from Chamb\u00e9ry Savoie airport, <strong>every day,<\/strong> don&#8217;t wait for bad weather!<\/p>\n\n<p><strong>Our offices are located at the end of the airport, heading south<\/strong> you will not miss us!<\/p>\n\n<p><strong>For whom?<\/strong> Airplane&#8217;s flights are for<strong> the whole family, young and old!<\/strong><\/p>\n\n<p><strong>La r\u00e9servation ?<\/strong> <br\/><strong><a rel=\"noreferrer noopener\" href=\"https:\/\/alpine-airlines.com\/contact\/\" target=\"_blank\">Contactez-nous par mail, par t\u00e9l\u00e9phone ou par le formulaire ci-dessous. Il suffit d\u2019un nom et num\u00e9ro de t\u00e9l\u00e9phone pour la r\u00e9servation<\/a><\/strong><\/p>\n\n<p>It is recommanded to book a few days before to make sure we are available .<\/p>\n\n<h2>Booking form<\/h2>\n<div role=\"form\" class=\"wpcf7\" id=\"wpcf7-f3154-o1\" lang=\"en-US\" dir=\"ltr\">\n<div class=\"screen-reader-response\"><p role=\"status\" aria-live=\"polite\" aria-atomic=\"true\"><\/p> <ul><\/ul><\/div>\n<form action=\"\/en\/wp-json\/wp\/v2\/pages\/3251#wpcf7-f3154-o1\" method=\"post\" class=\"wpcf7-form init\" novalidate=\"novalidate\" data-status=\"init\">\n<div style=\"display: none;\">\n<input type=\"hidden\" name=\"_wpcf7\" value=\"3154\" \/>\n<input type=\"hidden\" name=\"_wpcf7_version\" value=\"5.4.1\" \/>\n<input type=\"hidden\" name=\"_wpcf7_locale\" value=\"en_US\" \/>\n<input type=\"hidden\" name=\"_wpcf7_unit_tag\" value=\"wpcf7-f3154-o1\" \/>\n<input type=\"hidden\" name=\"_wpcf7_container_post\" value=\"0\" \/>\n<input type=\"hidden\" name=\"_wpcf7_posted_data_hash\" value=\"\" \/>\n<input type=\"hidden\" name=\"_wpcf7_recaptcha_response\" value=\"\" \/>\n<\/div>\n<div class=\"clearfix\">\n<div id=\"left\">\n<label> Your name *<br \/>\n <span class=\"wpcf7-form-control-wrap your-name\"><input type=\"text\" name=\"your-name\" value=\"\" size=\"40\" class=\"wpcf7-form-control wpcf7-text wpcf7-validates-as-required\" aria-required=\"true\" aria-invalid=\"false\" \/><\/span> <\/label><\/p>\n<p>Wished date<br><br \/>\n <span class=\"wpcf7-form-control-wrap your-date\"><input type=\"date\" name=\"your-date\" value=\"\" class=\"wpcf7-form-control wpcf7-date wpcf7-validates-as-date\" aria-invalid=\"false\" \/><\/span><\/p>\n<\/div>\n<div id=\"right\">\n<label> Your email *<br \/>\n <span class=\"wpcf7-form-control-wrap your-email\"><input type=\"email\" name=\"your-email\" value=\"\" size=\"40\" class=\"wpcf7-form-control wpcf7-text wpcf7-email wpcf7-validates-as-required wpcf7-validates-as-email\" aria-required=\"true\" aria-invalid=\"false\" \/><\/span> <\/label><\/p>\n<p>Departure From <br><br \/>\n <span class=\"wpcf7-form-control-wrap depart-airport\"><input type=\"text\" name=\"depart-airport\" value=\"Chamb\u00e9ry - 15min Flight\" size=\"40\" class=\"wpcf7-form-control wpcf7-text\" aria-invalid=\"false\" \/><\/span> <\/p>\n<\/div>\n<p>Your message (indicate your phone number if you wish)<br><br \/>\n <span class=\"wpcf7-form-control-wrap your-message\"><textarea name=\"your-message\" cols=\"40\" rows=\"5\" class=\"wpcf7-form-control wpcf7-textarea\" aria-invalid=\"false\"><\/textarea><\/span> <\/p>\n<p> <span class=\"wpcf7-form-control-wrap your-check\"><span class=\"wpcf7-form-control wpcf7-checkbox wpcf7-validates-as-required\"><span class=\"wpcf7-list-item first last\"><input type=\"checkbox\" name=\"your-check[]\" value=\"(Mandatory) By sending this form, I accept that collected data can be used by Alpine Airlines to contact me back.\" \/><span class=\"wpcf7-list-item-label\">(Mandatory) By sending this form, I accept that collected data can be used by Alpine Airlines to contact me back.<\/span><\/span><\/span><\/span><\/p>\n<p><input type=\"submit\" value=\"Request Booking\" class=\"wpcf7-form-control wpcf7-submit\" \/><\/p>\n<div class=\"wpcf7-response-output\" aria-hidden=\"true\"><\/div><\/form><\/div>\n","protected":false},"excerpt":{"rendered":"<p>Experience your first flight from Chamb\u00e9ry airport&#8230; And discover the landscapes of Savoy as seen from above! A stunning experience to be shared! From Chambery airport towards Savoy summits This 15 minute flight flies over Lake Bourget, France&#8217;s largest natural lake! You will fly over Aix Les Bains and Hautecombe Abbey 60\u20ac par personne15 min &#8230; <a title=\"Bourget Lake\" class=\"read-more\" href=\"http:\/\/alpine-airlines.com\/en\/chambery-aix-bourget-lake-first-flight\/\" aria-label=\"More on Bourget Lake\">Read more<\/a><\/p>\n","protected":false},"author":1,"featured_media":0,"parent":0,"menu_order":0,"comment_status":"closed","ping_status":"closed","template":"","meta":{"advgb_blocks_editor_width":"","advgb_blocks_columns_visual_guide":"","spay_email":""},"yoast_head":"<!-- This site is optimized with the Yoast SEO plugin v16.6 - https:\/\/yoast.com\/wordpress\/plugins\/seo\/ -->\n<title>First Flight | Chamb\u00e9ry | Bourget Lake - Alpine Airlines<\/title>\n<meta name=\"description\" content=\"From Chamb\u00e9ry Aix Les Bains, discover Lake Bourget and Lake Annecy from the sky during your first flight with Alpine Airlines!\" \/>\n<meta name=\"robots\" content=\"index, follow, max-snippet:-1, max-image-preview:large, max-video-preview:-1\" \/>\n<link rel=\"canonical\" href=\"http:\/\/alpine-airlines.com\/en\/chambery-aix-bourget-lake-first-flight\/\" \/>\n<meta property=\"og:locale\" content=\"en_US\" \/>\n<meta property=\"og:type\" content=\"article\" \/>\n<meta property=\"og:title\" content=\"First Flight | Chamb\u00e9ry | Bourget Lake - Alpine Airlines\" \/>\n<meta property=\"og:description\" content=\"From Chamb\u00e9ry Aix Les Bains, discover Lake Bourget and Lake Annecy from the sky during your first flight with Alpine Airlines!\" \/>\n<meta property=\"og:url\" content=\"http:\/\/alpine-airlines.com\/en\/chambery-aix-bourget-lake-first-flight\/\" \/>\n<meta property=\"og:site_name\" content=\"Alpine Airlines\" \/>\n<meta property=\"article:modified_time\" content=\"2024-05-29T10:15:11+00:00\" \/>\n<meta name=\"twitter:card\" content=\"summary_large_image\" \/>\n<meta name=\"twitter:label1\" content=\"Est. reading time\" \/>\n\t<meta name=\"twitter:data1\" content=\"1 minute\" \/>\n<script type=\"application\/ld+json\" class=\"yoast-schema-graph\">{\"@context\":\"https:\/\/schema.org\",\"@graph\":[{\"@type\":\"WebSite\",\"@id\":\"http:\/\/alpine-airlines.com\/#website\",\"url\":\"http:\/\/alpine-airlines.com\/\",\"name\":\"Alpine Airlines\",\"description\":\"Compagnie A\\u00e9rienne de Montagne\",\"potentialAction\":[{\"@type\":\"SearchAction\",\"target\":{\"@type\":\"EntryPoint\",\"urlTemplate\":\"http:\/\/alpine-airlines.com\/?s={search_term_string}\"},\"query-input\":\"required name=search_term_string\"}],\"inLanguage\":\"en-US\"},{\"@type\":\"WebPage\",\"@id\":\"http:\/\/alpine-airlines.com\/en\/chambery-aix-bourget-lake-first-flight\/#webpage\",\"url\":\"http:\/\/alpine-airlines.com\/en\/chambery-aix-bourget-lake-first-flight\/\",\"name\":\"First Flight | Chamb\\u00e9ry | Bourget Lake - Alpine Airlines\",\"isPartOf\":{\"@id\":\"http:\/\/alpine-airlines.com\/#website\"},\"datePublished\":\"2019-08-20T10:02:23+00:00\",\"dateModified\":\"2024-05-29T10:15:11+00:00\",\"description\":\"From Chamb\\u00e9ry Aix Les Bains, discover Lake Bourget and Lake Annecy from the sky during your first flight with Alpine Airlines!\",\"breadcrumb\":{\"@id\":\"http:\/\/alpine-airlines.com\/en\/chambery-aix-bourget-lake-first-flight\/#breadcrumb\"},\"inLanguage\":\"en-US\",\"potentialAction\":[{\"@type\":\"ReadAction\",\"target\":[\"http:\/\/alpine-airlines.com\/en\/chambery-aix-bourget-lake-first-flight\/\"]}]},{\"@type\":\"BreadcrumbList\",\"@id\":\"http:\/\/alpine-airlines.com\/en\/chambery-aix-bourget-lake-first-flight\/#breadcrumb\",\"itemListElement\":[{\"@type\":\"ListItem\",\"position\":1,\"name\":\"Accueil\",\"item\":\"http:\/\/alpine-airlines.com\/en\/\"},{\"@type\":\"ListItem\",\"position\":2,\"name\":\"Bourget Lake\"}]}]}<\/script>\n<!-- \/ Yoast SEO plugin. -->","coauthors":[],"author_meta":{"author_link":"http:\/\/alpine-airlines.com\/en\/author\/aero_savoie-73\/","display_name":"Aero_savoie-73"},"relative_dates":{"created":"Posted 7 years ago","modified":"Updated 2 years ago"},"absolute_dates":{"created":"Posted on 20 August 2019","modified":"Updated on 29 May 2024"},"absolute_dates_time":{"created":"Posted on 20 August 2019 12 h 02 min","modified":"Updated on 29 May 2024 12 h 15 min"},"featured_img_caption":"","_links":{"self":[{"href":"http:\/\/alpine-airlines.com\/en\/wp-json\/wp\/v2\/pages\/3251"}],"collection":[{"href":"http:\/\/alpine-airlines.com\/en\/wp-json\/wp\/v2\/pages"}],"about":[{"href":"http:\/\/alpine-airlines.com\/en\/wp-json\/wp\/v2\/types\/page"}],"author":[{"embeddable":true,"href":"http:\/\/alpine-airlines.com\/en\/wp-json\/wp\/v2\/users\/1"}],"replies":[{"embeddable":true,"href":"http:\/\/alpine-airlines.com\/en\/wp-json\/wp\/v2\/comments?post=3251"}],"version-history":[{"count":13,"href":"http:\/\/alpine-airlines.com\/en\/wp-json\/wp\/v2\/pages\/3251\/revisions"}],"predecessor-version":[{"id":92572,"href":"http:\/\/alpine-airlines.com\/en\/wp-json\/wp\/v2\/pages\/3251\/revisions\/92572"}],"wp:attachment":[{"href":"http:\/\/alpine-airlines.com\/en\/wp-json\/wp\/v2\/media?parent=3251"}],"curies":[{"name":"wp","href":"https:\/\/api.w.org\/{rel}","templated":true}]}}