{"id":38918,"date":"2021-07-01T16:08:07","date_gmt":"2021-07-01T14:08:07","guid":{"rendered":"http:\/\/alpine-airlines.com\/vol-avion-prive-charter-jet-ajaccio-corse\/"},"modified":"2021-07-01T16:08:09","modified_gmt":"2021-07-01T14:08:09","slug":"vol-avion-prive-charter-jet-ajaccio-corse","status":"publish","type":"page","link":"http:\/\/alpine-airlines.com\/en\/vol-avion-prive-charter-jet-ajaccio-corse\/","title":{"rendered":"Ajaccio Airport | Plane, Charter &amp; private flights"},"content":{"rendered":"\n<div class=\"wp-block-cover alignfull\" style=\"min-height:650px\"><img data-attachment-id=\"38755\" data-permalink=\"http:\/\/alpine-airlines.com\/en\/corsica-945633_1920-2\/\" data-orig-file=\"http:\/\/alpine-airlines.com\/wp-content\/uploads\/2021\/06\/corsica-945633_1920.jpg\" data-orig-size=\"1920,1440\" data-comments-opened=\"1\" data-image-meta=\"{&quot;aperture&quot;:&quot;0&quot;,&quot;credit&quot;:&quot;&quot;,&quot;camera&quot;:&quot;&quot;,&quot;caption&quot;:&quot;&quot;,&quot;created_timestamp&quot;:&quot;0&quot;,&quot;copyright&quot;:&quot;&quot;,&quot;focal_length&quot;:&quot;0&quot;,&quot;iso&quot;:&quot;0&quot;,&quot;shutter_speed&quot;:&quot;0&quot;,&quot;title&quot;:&quot;&quot;,&quot;orientation&quot;:&quot;0&quot;}\" data-image-title=\"corsica-945633_1920\" data-image-description=\"\" data-medium-file=\"http:\/\/alpine-airlines.com\/wp-content\/uploads\/2021\/06\/corsica-945633_1920-300x225.jpg\" data-large-file=\"http:\/\/alpine-airlines.com\/wp-content\/uploads\/2021\/06\/corsica-945633_1920-1024x768.jpg\" loading=\"lazy\" width=\"1920\" height=\"1440\" class=\"wp-block-cover__image-background wp-image-38755\" alt=\"\" src=\"http:\/\/alpine-airlines.com\/wp-content\/uploads\/2021\/06\/corsica-945633_1920.jpg\" data-object-fit=\"cover\" srcset=\"http:\/\/alpine-airlines.com\/wp-content\/uploads\/2021\/06\/corsica-945633_1920.jpg 1920w, http:\/\/alpine-airlines.com\/wp-content\/uploads\/2021\/06\/corsica-945633_1920-300x225.jpg 300w, http:\/\/alpine-airlines.com\/wp-content\/uploads\/2021\/06\/corsica-945633_1920-768x576.jpg 768w, http:\/\/alpine-airlines.com\/wp-content\/uploads\/2021\/06\/corsica-945633_1920-1024x768.jpg 1024w, http:\/\/alpine-airlines.com\/wp-content\/uploads\/2021\/06\/corsica-945633_1920-600x450.jpg 600w\" sizes=\"(max-width: 1920px) 100vw, 1920px\" \/><div class=\"wp-block-cover__inner-container\">\n<p class=\"has-text-align-center has-large-font-size\"><\/p>\n<\/div><\/div>\n\n<h1 class=\"has-text-align-center\">Ajaccio | Corsica | LFKJ<\/h1>\n\n<h3 class=\"has-text-align-center\">&#8220;Imperial City&#8221; and previously &#8220;Coral City&#8221;. Ajaccio is the birthplace of <a href=\"https:\/\/fr.wikipedia.org\/wiki\/Napol%C3%A9on_Ier\" target=\"_blank\" rel=\"noreferrer noopener\">Napoleon Bonaparte<\/a> but it is also known to be the first French city liberated during the Second World War, on September 9, 1943. <\/h3>\n\n<h3 class=\"has-text-align-center\"> Capital of the island of beauty you can enjoy the Corsican city safely with Alpine Airlines flights from Saint Tropez, Cannes, Marseille and more. <\/h3>\n\n<div style=\"height:25px\" aria-hidden=\"true\" class=\"wp-block-spacer\"><\/div>\n\n<h2>Curiosities and good addresses &#8230;<\/h2>\n\n<h4><\/h4>\n\n<h4>Visit the city and its history, by going to the Archipelago of the bloodthirsty, or discover the history of Napoleon by visiting the Fesch museum and the place of Austerlitz. You can also visit the beaches of the island of beauty. <\/h4>\n\n<p>During your stay you can also try out exceptional activities, playing golf at the &#8221; <a href=\"http:\/\/www.giga-golf.org\/\" target=\"_blank\" rel=\"noreferrer noopener\">Giga Golf Club<\/a> <strong>&#8220;<\/strong> or climbing in peace the most beautiful rocks of the island thanks to the <a href=\"https:\/\/revesdecimes.fr\/via-ferrata-de-tolla\/\" target=\"_blank\" rel=\"noreferrer noopener\">Via Ferrata<\/a> present near Ajaccio.<\/p>\n\n<p>Visit the seabed of the bloodthirsty islands thanks to <a href=\"http:\/\/www.isula-plongee.com\/\" target=\"_blank\" rel=\"noreferrer noopener\">scuba diving<\/a> , and visit the Gulf of Ajaccio, by <a href=\"http:\/\/%20https:\/\/www.samboat.fr\/location-bateau\/ajaccio\" target=\"_blank\" rel=\"noreferrer noopener\">renting a boat<\/a> for a day. <\/p>\n\n<p>Vous pourrez \u00e9galement profiter de nombreux services gr\u00e2ce aux prestigieux h\u00f4tels de l\u2019ile comme : \u00ab <a href=\"http:\/\/%20https:\/\/www.hotel-dolcevita.com\/\">La Dolce Vita<\/a> \u00bb, l\u2019h\u00f4tel \u00ab <a href=\"https:\/\/www.hotel-le-weekend.com\/fr\" target=\"_blank\" rel=\"noreferrer noopener\">Le Week-end<\/a> \u00bb et l\u2019h\u00f4tel \u00ab <a href=\"http:\/\/www.hotellesmouettes.fr\/\" target=\"_blank\" rel=\"noreferrer noopener\">Les Mouettes<\/a> \u00bb qui vous permettrons de vous reposer et de profiter pleinement de votre s\u00e9jour sur l\u2019ile Corse. <\/p>\n\n<p><\/p>\n\n<div style=\"height:60px\" aria-hidden=\"true\" class=\"wp-block-spacer\"><\/div>\n\n<div class=\"wp-block-image\"><figure class=\"aligncenter is-resized\"><img data-attachment-id=\"4462\" data-permalink=\"http:\/\/alpine-airlines.com\/en\/alpine-airlines\/logo_aa_1706_transp_bg_low-2\/#main\" data-orig-file=\"http:\/\/alpine-airlines.com\/wp-content\/uploads\/2019\/09\/LOGO_AA_1706_transp_bg_low.png\" data-orig-size=\"192,120\" data-comments-opened=\"1\" data-image-meta=\"{&quot;aperture&quot;:&quot;0&quot;,&quot;credit&quot;:&quot;&quot;,&quot;camera&quot;:&quot;&quot;,&quot;caption&quot;:&quot;&quot;,&quot;created_timestamp&quot;:&quot;0&quot;,&quot;copyright&quot;:&quot;&quot;,&quot;focal_length&quot;:&quot;0&quot;,&quot;iso&quot;:&quot;0&quot;,&quot;shutter_speed&quot;:&quot;0&quot;,&quot;title&quot;:&quot;&quot;,&quot;orientation&quot;:&quot;0&quot;}\" data-image-title=\"LOGO_AA_1706_transp_bg_low\" data-image-description=\"&lt;p&gt;Logo Alpine Airlines&lt;\/p&gt;\n\" data-medium-file=\"http:\/\/alpine-airlines.com\/wp-content\/uploads\/2019\/09\/LOGO_AA_1706_transp_bg_low.png\" data-large-file=\"http:\/\/alpine-airlines.com\/wp-content\/uploads\/2019\/09\/LOGO_AA_1706_transp_bg_low.png\" loading=\"lazy\" src=\"http:\/\/alpine-airlines.com\/wp-content\/uploads\/2019\/09\/LOGO_AA_1706_transp_bg_low.png\" alt=\"Logo Alpine Airlines\" class=\"wp-image-4462\" width=\"89\" height=\"56\"\/><\/figure><\/div>\n\n<h2 class=\"has-text-align-center\"><strong>Alpine Airlines &#8211;<\/strong> An unique airline<\/h2>\n\n<p><span style=\"color: #d40000;\">The only airline authorized<\/span> to use the altiports of Courchevel and Meg\u00e8ve: this authorization is issued by the Directorate General of Civil Aviation (DGAC) and the European Aviation Safety Agency (EASA)<\/p>\n\n<p><span style=\"color: #d40000;\">Mountain flying specialist,<\/span> Alpine Airlines trains its pilots in the excellence of mountain flying, in order to guarantee the highest level of safety.<\/p>\n\n<p><span style=\"color: #d40000;\">The first professional school accredited at European level<\/span> for the training of mountain pilots. Our pilots are trained in our own ATO(European standard) certified training centre.<\/p>\n\n<p><span style=\"color: #d40000;\">Alpine <\/span>Airlines fleet aircraft <span style=\"color: #d40000;\">are exclusively twin-engine aircraft,<\/span> adapted to short mountain slopes, guaranteeing <span style=\"color: #d40000;\">performance and safety.<\/span><\/p>\n\n<p><span style=\"color: #d40000;\">The entire fleet is registered under the French flag,<\/span> allowing the highest level of control by the authority.<\/p>\n","protected":false},"excerpt":{"rendered":"<p>Ajaccio | Corsica | LFKJ &#8220;Imperial City&#8221; and previously &#8220;Coral City&#8221;. Ajaccio is the birthplace of Napoleon Bonaparte but it is also known to be the first French city liberated during the Second World War, on September 9, 1943. Capital of the island of beauty you can enjoy the Corsican city safely with Alpine Airlines &#8230; <a title=\"Ajaccio Airport | Plane, Charter &amp; private flights\" class=\"read-more\" href=\"http:\/\/alpine-airlines.com\/en\/vol-avion-prive-charter-jet-ajaccio-corse\/\" aria-label=\"More on Ajaccio Airport | Plane, Charter &amp; private flights\">Read more<\/a><\/p>\n","protected":false},"author":1,"featured_media":0,"parent":0,"menu_order":0,"comment_status":"closed","ping_status":"closed","template":"","meta":{"advgb_blocks_editor_width":"","advgb_blocks_columns_visual_guide":"","spay_email":""},"yoast_head":"<!-- This site is optimized with the Yoast SEO plugin v16.6 - https:\/\/yoast.com\/wordpress\/plugins\/seo\/ -->\n<title>Ajaccio Airport | Plane, Charter &amp; private flights - Alpine Airlines<\/title>\n<meta name=\"description\" content=\"Destination Ajaccio ! Airline transportation by plane, charter or private jet to Ajaccio airport from over 4000 airports!\" \/>\n<meta name=\"robots\" content=\"index, follow, max-snippet:-1, max-image-preview:large, max-video-preview:-1\" \/>\n<link rel=\"canonical\" href=\"http:\/\/alpine-airlines.com\/en\/vol-avion-prive-charter-jet-ajaccio-corse\/\" \/>\n<meta property=\"og:locale\" content=\"en_US\" \/>\n<meta property=\"og:type\" content=\"article\" \/>\n<meta property=\"og:title\" content=\"Ajaccio Airport | Plane, Charter &amp; private flights - Alpine Airlines\" \/>\n<meta property=\"og:description\" content=\"Destination Ajaccio ! Airline transportation by plane, charter or private jet to Ajaccio airport from over 4000 airports!\" \/>\n<meta property=\"og:url\" content=\"http:\/\/alpine-airlines.com\/en\/vol-avion-prive-charter-jet-ajaccio-corse\/\" \/>\n<meta property=\"og:site_name\" content=\"Alpine Airlines\" \/>\n<meta property=\"article:modified_time\" content=\"2021-07-01T14:08:09+00:00\" \/>\n<meta property=\"og:image\" content=\"http:\/\/alpine-airlines.com\/wp-content\/uploads\/2021\/06\/corsica-945633_1920.jpg\" \/>\n<meta name=\"twitter:card\" content=\"summary_large_image\" \/>\n<meta name=\"twitter:label1\" content=\"Est. reading time\" \/>\n\t<meta name=\"twitter:data1\" content=\"2 minutes\" \/>\n<script type=\"application\/ld+json\" class=\"yoast-schema-graph\">{\"@context\":\"https:\/\/schema.org\",\"@graph\":[{\"@type\":\"WebSite\",\"@id\":\"http:\/\/alpine-airlines.com\/en\/#website\",\"url\":\"http:\/\/alpine-airlines.com\/en\/\",\"name\":\"Alpine Airlines\",\"description\":\"Compagnie A\\u00e9rienne de Montagne\",\"potentialAction\":[{\"@type\":\"SearchAction\",\"target\":{\"@type\":\"EntryPoint\",\"urlTemplate\":\"http:\/\/alpine-airlines.com\/en\/?s={search_term_string}\"},\"query-input\":\"required name=search_term_string\"}],\"inLanguage\":\"en-US\"},{\"@type\":\"ImageObject\",\"@id\":\"http:\/\/alpine-airlines.com\/en\/vol-avion-prive-charter-jet-ajaccio-corse\/#primaryimage\",\"inLanguage\":\"en-US\",\"url\":\"http:\/\/alpine-airlines.com\/wp-content\/uploads\/2021\/06\/corsica-945633_1920.jpg\",\"contentUrl\":\"http:\/\/alpine-airlines.com\/wp-content\/uploads\/2021\/06\/corsica-945633_1920.jpg\",\"width\":1920,\"height\":1440},{\"@type\":\"WebPage\",\"@id\":\"http:\/\/alpine-airlines.com\/en\/vol-avion-prive-charter-jet-ajaccio-corse\/#webpage\",\"url\":\"http:\/\/alpine-airlines.com\/en\/vol-avion-prive-charter-jet-ajaccio-corse\/\",\"name\":\"Ajaccio Airport | Plane, Charter &amp; private flights - Alpine Airlines\",\"isPartOf\":{\"@id\":\"http:\/\/alpine-airlines.com\/en\/#website\"},\"primaryImageOfPage\":{\"@id\":\"http:\/\/alpine-airlines.com\/en\/vol-avion-prive-charter-jet-ajaccio-corse\/#primaryimage\"},\"datePublished\":\"2021-07-01T14:08:07+00:00\",\"dateModified\":\"2021-07-01T14:08:09+00:00\",\"description\":\"Destination Ajaccio ! Airline transportation by plane, charter or private jet to Ajaccio airport from over 4000 airports!\",\"breadcrumb\":{\"@id\":\"http:\/\/alpine-airlines.com\/en\/vol-avion-prive-charter-jet-ajaccio-corse\/#breadcrumb\"},\"inLanguage\":\"en-US\",\"potentialAction\":[{\"@type\":\"ReadAction\",\"target\":[\"http:\/\/alpine-airlines.com\/en\/vol-avion-prive-charter-jet-ajaccio-corse\/\"]}]},{\"@type\":\"BreadcrumbList\",\"@id\":\"http:\/\/alpine-airlines.com\/en\/vol-avion-prive-charter-jet-ajaccio-corse\/#breadcrumb\",\"itemListElement\":[{\"@type\":\"ListItem\",\"position\":1,\"name\":\"Accueil\",\"item\":\"http:\/\/alpine-airlines.com\/en\/\"},{\"@type\":\"ListItem\",\"position\":2,\"name\":\"Ajaccio Airport | Plane, Charter &amp; private flights\"}]}]}<\/script>\n<!-- \/ Yoast SEO plugin. -->","coauthors":[],"author_meta":{"author_link":"http:\/\/alpine-airlines.com\/en\/author\/aero_savoie-73\/","display_name":"Aero_savoie-73"},"relative_dates":{"created":"Posted 5 years ago","modified":"Updated 5 years ago"},"absolute_dates":{"created":"Posted on 1 July 2021","modified":"Updated on 1 July 2021"},"absolute_dates_time":{"created":"Posted on 1 July 2021 16 h 08 min","modified":"Updated on 1 July 2021 16 h 08 min"},"featured_img_caption":"","_links":{"self":[{"href":"http:\/\/alpine-airlines.com\/en\/wp-json\/wp\/v2\/pages\/38918"}],"collection":[{"href":"http:\/\/alpine-airlines.com\/en\/wp-json\/wp\/v2\/pages"}],"about":[{"href":"http:\/\/alpine-airlines.com\/en\/wp-json\/wp\/v2\/types\/page"}],"author":[{"embeddable":true,"href":"http:\/\/alpine-airlines.com\/en\/wp-json\/wp\/v2\/users\/1"}],"replies":[{"embeddable":true,"href":"http:\/\/alpine-airlines.com\/en\/wp-json\/wp\/v2\/comments?post=38918"}],"version-history":[{"count":3,"href":"http:\/\/alpine-airlines.com\/en\/wp-json\/wp\/v2\/pages\/38918\/revisions"}],"predecessor-version":[{"id":38922,"href":"http:\/\/alpine-airlines.com\/en\/wp-json\/wp\/v2\/pages\/38918\/revisions\/38922"}],"wp:attachment":[{"href":"http:\/\/alpine-airlines.com\/en\/wp-json\/wp\/v2\/media?parent=38918"}],"curies":[{"name":"wp","href":"https:\/\/api.w.org\/{rel}","templated":true}]}}