{"id":105399,"date":"2025-01-20T15:16:30","date_gmt":"2025-01-20T14:16:30","guid":{"rendered":"https:\/\/alpine-airlines.com\/?post_type=product&#038;p=105399"},"modified":"2025-05-19T08:02:00","modified_gmt":"2025-05-19T06:02:00","slug":"one-time-payment","status":"publish","type":"product","link":"http:\/\/alpine-airlines.com\/en\/produit\/one-time-payment\/","title":{"rendered":"One-time Payment"},"content":{"rendered":"","protected":true},"excerpt":{"rendered":"","protected":true},"author":1,"featured_media":2837,"template":"","meta":{"advgb_blocks_editor_width":"","advgb_blocks_columns_visual_guide":"","spay_email":""},"yoast_head":"<!-- This site is optimized with the Yoast SEO plugin v16.6 - https:\/\/yoast.com\/wordpress\/plugins\/seo\/ -->\n<title>One-time Payment - Alpine Airlines<\/title>\n<meta name=\"robots\" content=\"index, follow, max-snippet:-1, max-image-preview:large, max-video-preview:-1\" \/>\n<link rel=\"canonical\" href=\"http:\/\/alpine-airlines.com\/en\/produit\/one-time-payment\/\" \/>\n<meta property=\"og:locale\" content=\"en_US\" \/>\n<meta property=\"og:type\" content=\"article\" \/>\n<meta property=\"og:title\" content=\"One-time Payment - Alpine Airlines\" \/>\n<meta property=\"og:description\" content=\"There is no excerpt because this is a protected post.\" \/>\n<meta property=\"og:url\" content=\"http:\/\/alpine-airlines.com\/en\/produit\/one-time-payment\/\" \/>\n<meta property=\"og:site_name\" content=\"Alpine Airlines\" \/>\n<meta property=\"article:modified_time\" content=\"2025-05-19T06:02:00+00:00\" \/>\n<meta name=\"twitter:card\" content=\"summary_large_image\" \/>\n<meta name=\"twitter:label1\" content=\"Est. reading time\" \/>\n\t<meta name=\"twitter:data1\" content=\"1 minute\" \/>\n<script type=\"application\/ld+json\" class=\"yoast-schema-graph\">{\"@context\":\"https:\/\/schema.org\",\"@graph\":[{\"@type\":\"WebSite\",\"@id\":\"http:\/\/alpine-airlines.com\/en\/#website\",\"url\":\"http:\/\/alpine-airlines.com\/en\/\",\"name\":\"Alpine Airlines\",\"description\":\"Compagnie A\\u00e9rienne de Montagne\",\"potentialAction\":[{\"@type\":\"SearchAction\",\"target\":{\"@type\":\"EntryPoint\",\"urlTemplate\":\"http:\/\/alpine-airlines.com\/en\/?s={search_term_string}\"},\"query-input\":\"required name=search_term_string\"}],\"inLanguage\":\"en-US\"},{\"@type\":\"ImageObject\",\"@id\":\"http:\/\/alpine-airlines.com\/en\/produit\/one-time-payment\/#primaryimage\",\"inLanguage\":\"en-US\",\"url\":\"http:\/\/alpine-airlines.com\/wp-content\/uploads\/2019\/08\/VTOR-Page-perfos.jpg\",\"contentUrl\":\"http:\/\/alpine-airlines.com\/wp-content\/uploads\/2019\/08\/VTOR-Page-perfos.jpg\",\"width\":1920,\"height\":1032,\"caption\":\"Air taxi transferts charter airlines avion Alpine Airlines Alpes Chamb\\u00e9ry Courchevel altiport 3 vall\\u00e9es compagnie a\\u00e9rienne business flight private aircraft Paris Geneve Zurich Nice Cannes\"},{\"@type\":\"WebPage\",\"@id\":\"http:\/\/alpine-airlines.com\/en\/produit\/one-time-payment\/#webpage\",\"url\":\"http:\/\/alpine-airlines.com\/en\/produit\/one-time-payment\/\",\"name\":\"One-time Payment - Alpine Airlines\",\"isPartOf\":{\"@id\":\"http:\/\/alpine-airlines.com\/en\/#website\"},\"primaryImageOfPage\":{\"@id\":\"http:\/\/alpine-airlines.com\/en\/produit\/one-time-payment\/#primaryimage\"},\"datePublished\":\"2025-01-20T14:16:30+00:00\",\"dateModified\":\"2025-05-19T06:02:00+00:00\",\"breadcrumb\":{\"@id\":\"http:\/\/alpine-airlines.com\/en\/produit\/one-time-payment\/#breadcrumb\"},\"inLanguage\":\"en-US\",\"potentialAction\":[{\"@type\":\"ReadAction\",\"target\":[\"http:\/\/alpine-airlines.com\/en\/produit\/one-time-payment\/\"]}]},{\"@type\":\"BreadcrumbList\",\"@id\":\"http:\/\/alpine-airlines.com\/en\/produit\/one-time-payment\/#breadcrumb\",\"itemListElement\":[{\"@type\":\"ListItem\",\"position\":1,\"name\":\"Accueil\",\"item\":\"http:\/\/alpine-airlines.com\/en\/\"},{\"@type\":\"ListItem\",\"position\":2,\"name\":\"Boutique\",\"item\":\"https:\/\/alpine-airlines.com\/en\/shop-2\/\"},{\"@type\":\"ListItem\",\"position\":3,\"name\":\"One-time Payment\"}]}]}<\/script>\n<!-- \/ Yoast SEO plugin. -->","featured_img":"http:\/\/alpine-airlines.com\/wp-content\/uploads\/2019\/08\/VTOR-Page-perfos.jpg","coauthors":[],"author_meta":{"author_link":"http:\/\/alpine-airlines.com\/en\/author\/aero_savoie-73\/","display_name":"Aero_savoie-73"},"relative_dates":{"created":"Posted 1 year ago","modified":"Updated 11 months ago"},"absolute_dates":{"created":"Posted on 20 January 2025","modified":"Updated on 19 May 2025"},"absolute_dates_time":{"created":"Posted on 20 January 2025 15 h 16 min","modified":"Updated on 19 May 2025 8 h 02 min"},"featured_img_caption":"Air taxi transferts charter airlines avion Alpine Airlines Alpes Chamb\u00e9ry Courchevel altiport 3 vall\u00e9es compagnie a\u00e9rienne business flight private aircraft Paris Geneve Zurich Nice Cannes","tax_additional":{"product_type":{"linked":["<a href=\"http:\/\/alpine-airlines.com\/en\/?taxonomy=product_type&#038;term=simple\" class=\"advgb-post-tax-term\">simple<\/a>"],"unlinked":["<span class=\"advgb-post-tax-term\">simple<\/span>"],"slug":"product_type","name":"Tags"},"product_visibility":{"linked":[],"unlinked":[],"slug":"product_visibility","name":"Tags"},"product_cat":{"linked":["<a href=\"http:\/\/alpine-airlines.com\/en\/categorie-produit\/flights-alpine-airlines\/\" class=\"advgb-post-tax-term\">Flights<\/a>"],"unlinked":["<span class=\"advgb-post-tax-term\">Flights<\/span>"],"slug":"product_cat","name":"Product categories"},"product_tag":{"linked":[],"unlinked":[],"slug":"product_tag","name":"Product tags"},"product_shipping_class":{"linked":[],"unlinked":[],"slug":"product_shipping_class","name":"Product shipping classes"},"translation_priority":{"linked":["<a href=\"http:\/\/alpine-airlines.com\/en\/?taxonomy=translation_priority&#038;term=facultatif-en-4\" class=\"advgb-post-tax-term\">Facultatif<\/a>"],"unlinked":["<span class=\"advgb-post-tax-term\">Facultatif<\/span>"],"slug":"translation_priority","name":"Translation Priorities"}},"_links":{"self":[{"href":"http:\/\/alpine-airlines.com\/en\/wp-json\/wp\/v2\/product\/105399"}],"collection":[{"href":"http:\/\/alpine-airlines.com\/en\/wp-json\/wp\/v2\/product"}],"about":[{"href":"http:\/\/alpine-airlines.com\/en\/wp-json\/wp\/v2\/types\/product"}],"wp:featuredmedia":[{"embeddable":true,"href":"http:\/\/alpine-airlines.com\/en\/wp-json\/wp\/v2\/media\/2837"}],"wp:attachment":[{"href":"http:\/\/alpine-airlines.com\/en\/wp-json\/wp\/v2\/media?parent=105399"}],"curies":[{"name":"wp","href":"https:\/\/api.w.org\/{rel}","templated":true}]}}