{"id":78045,"date":"2023-08-20T12:07:37","date_gmt":"2023-08-20T10:07:37","guid":{"rendered":"https:\/\/alpine-airlines.com\/produit\/one-time-payment-for-commercial-flight\/"},"modified":"2025-01-30T09:26:24","modified_gmt":"2025-01-30T08:26:24","slug":"one-time-payment-for-commercial-flight","status":"publish","type":"product","link":"http:\/\/alpine-airlines.com\/en\/produit\/one-time-payment-for-commercial-flight\/","title":{"rendered":"One-time Payment for commercial flight"},"content":{"rendered":"","protected":true},"excerpt":{"rendered":"","protected":true},"author":1,"featured_media":2837,"template":"","meta":{"advgb_blocks_editor_width":"","advgb_blocks_columns_visual_guide":"","spay_email":""},"yoast_head":"<!-- This site is optimized with the Yoast SEO plugin v16.6 - https:\/\/yoast.com\/wordpress\/plugins\/seo\/ -->\n<title>One-time Payment for commercial flight - Alpine Airlines<\/title>\n<meta name=\"robots\" content=\"index, follow, max-snippet:-1, max-image-preview:large, max-video-preview:-1\" \/>\n<link rel=\"canonical\" href=\"http:\/\/alpine-airlines.com\/en\/produit\/one-time-payment-for-commercial-flight\/\" \/>\n<meta property=\"og:locale\" content=\"en_US\" \/>\n<meta property=\"og:type\" content=\"article\" \/>\n<meta property=\"og:title\" content=\"One-time Payment for commercial flight - Alpine Airlines\" \/>\n<meta property=\"og:description\" content=\"There is no excerpt because this is a protected post.\" \/>\n<meta property=\"og:url\" content=\"http:\/\/alpine-airlines.com\/en\/produit\/one-time-payment-for-commercial-flight\/\" \/>\n<meta property=\"og:site_name\" content=\"Alpine Airlines\" \/>\n<meta property=\"article:modified_time\" content=\"2025-01-30T08:26:24+00:00\" \/>\n<meta name=\"twitter:card\" content=\"summary_large_image\" \/>\n<meta name=\"twitter:label1\" content=\"Est. reading time\" \/>\n\t<meta name=\"twitter:data1\" content=\"1 minute\" \/>\n<script type=\"application\/ld+json\" class=\"yoast-schema-graph\">{\"@context\":\"https:\/\/schema.org\",\"@graph\":[{\"@type\":\"WebSite\",\"@id\":\"https:\/\/alpine-airlines.com\/#website\",\"url\":\"https:\/\/alpine-airlines.com\/\",\"name\":\"Alpine Airlines\",\"description\":\"Compagnie A\\u00e9rienne de Montagne\",\"potentialAction\":[{\"@type\":\"SearchAction\",\"target\":{\"@type\":\"EntryPoint\",\"urlTemplate\":\"https:\/\/alpine-airlines.com\/?s={search_term_string}\"},\"query-input\":\"required name=search_term_string\"}],\"inLanguage\":\"en-US\"},{\"@type\":\"ImageObject\",\"@id\":\"http:\/\/alpine-airlines.com\/en\/produit\/one-time-payment-for-commercial-flight\/#primaryimage\",\"inLanguage\":\"en-US\",\"url\":\"http:\/\/alpine-airlines.com\/wp-content\/uploads\/2019\/08\/VTOR-Page-perfos.jpg\",\"contentUrl\":\"http:\/\/alpine-airlines.com\/wp-content\/uploads\/2019\/08\/VTOR-Page-perfos.jpg\",\"width\":1920,\"height\":1032,\"caption\":\"Air taxi transferts charter airlines avion Alpine Airlines Alpes Chamb\\u00e9ry Courchevel altiport 3 vall\\u00e9es compagnie a\\u00e9rienne business flight private aircraft Paris Geneve Zurich Nice Cannes\"},{\"@type\":\"WebPage\",\"@id\":\"http:\/\/alpine-airlines.com\/en\/produit\/one-time-payment-for-commercial-flight\/#webpage\",\"url\":\"http:\/\/alpine-airlines.com\/en\/produit\/one-time-payment-for-commercial-flight\/\",\"name\":\"One-time Payment for commercial flight - Alpine Airlines\",\"isPartOf\":{\"@id\":\"https:\/\/alpine-airlines.com\/#website\"},\"primaryImageOfPage\":{\"@id\":\"http:\/\/alpine-airlines.com\/en\/produit\/one-time-payment-for-commercial-flight\/#primaryimage\"},\"datePublished\":\"2023-08-20T10:07:37+00:00\",\"dateModified\":\"2025-01-30T08:26:24+00:00\",\"breadcrumb\":{\"@id\":\"http:\/\/alpine-airlines.com\/en\/produit\/one-time-payment-for-commercial-flight\/#breadcrumb\"},\"inLanguage\":\"en-US\",\"potentialAction\":[{\"@type\":\"ReadAction\",\"target\":[\"http:\/\/alpine-airlines.com\/en\/produit\/one-time-payment-for-commercial-flight\/\"]}]},{\"@type\":\"BreadcrumbList\",\"@id\":\"http:\/\/alpine-airlines.com\/en\/produit\/one-time-payment-for-commercial-flight\/#breadcrumb\",\"itemListElement\":[{\"@type\":\"ListItem\",\"position\":1,\"name\":\"Accueil\",\"item\":\"http:\/\/alpine-airlines.com\/en\/\"},{\"@type\":\"ListItem\",\"position\":2,\"name\":\"Boutique\",\"item\":\"https:\/\/alpine-airlines.com\/shop\/\"},{\"@type\":\"ListItem\",\"position\":3,\"name\":\"One-time Payment for commercial flight\"}]}]}<\/script>\n<!-- \/ Yoast SEO plugin. -->","featured_img":"http:\/\/alpine-airlines.com\/wp-content\/uploads\/2019\/08\/VTOR-Page-perfos.jpg","coauthors":[],"author_meta":{"author_link":"http:\/\/alpine-airlines.com\/en\/author\/aero_savoie-73\/","display_name":"Aero_savoie-73"},"relative_dates":{"created":"Posted 3 years ago","modified":"Updated 1 year ago"},"absolute_dates":{"created":"Posted on 20 August 2023","modified":"Updated on 30 January 2025"},"absolute_dates_time":{"created":"Posted on 20 August 2023 12 h 07 min","modified":"Updated on 30 January 2025 9 h 26 min"},"featured_img_caption":"Air taxi transferts charter airlines avion Alpine Airlines Alpes Chamb\u00e9ry Courchevel altiport 3 vall\u00e9es compagnie a\u00e9rienne business flight private aircraft Paris Geneve Zurich Nice Cannes","tax_additional":{"product_type":{"linked":["<a href=\"http:\/\/alpine-airlines.com\/en\/?taxonomy=product_type&#038;term=simple\" class=\"advgb-post-tax-term\">simple<\/a>"],"unlinked":["<span class=\"advgb-post-tax-term\">simple<\/span>"],"slug":"product_type","name":"Tags"},"product_visibility":{"linked":[],"unlinked":[],"slug":"product_visibility","name":"Tags"},"product_cat":{"linked":["<a href=\"http:\/\/alpine-airlines.com\/en\/categorie-produit\/commercial-transfers-en\/\" class=\"advgb-post-tax-term\">Commercial Transfers<\/a>"],"unlinked":["<span class=\"advgb-post-tax-term\">Commercial Transfers<\/span>"],"slug":"product_cat","name":"Product categories"},"product_tag":{"linked":[],"unlinked":[],"slug":"product_tag","name":"Product tags"},"product_shipping_class":{"linked":[],"unlinked":[],"slug":"product_shipping_class","name":"Product shipping classes"},"translation_priority":{"linked":["<a href=\"http:\/\/alpine-airlines.com\/en\/?taxonomy=translation_priority&#038;term=facultatif-en-4\" class=\"advgb-post-tax-term\">Facultatif<\/a>"],"unlinked":["<span class=\"advgb-post-tax-term\">Facultatif<\/span>"],"slug":"translation_priority","name":"Translation Priorities"}},"_links":{"self":[{"href":"http:\/\/alpine-airlines.com\/en\/wp-json\/wp\/v2\/product\/78045"}],"collection":[{"href":"http:\/\/alpine-airlines.com\/en\/wp-json\/wp\/v2\/product"}],"about":[{"href":"http:\/\/alpine-airlines.com\/en\/wp-json\/wp\/v2\/types\/product"}],"wp:featuredmedia":[{"embeddable":true,"href":"http:\/\/alpine-airlines.com\/en\/wp-json\/wp\/v2\/media\/2837"}],"wp:attachment":[{"href":"http:\/\/alpine-airlines.com\/en\/wp-json\/wp\/v2\/media?parent=78045"}],"curies":[{"name":"wp","href":"https:\/\/api.w.org\/{rel}","templated":true}]}}