{"id":8003,"date":"2019-08-12T22:08:42","date_gmt":"2019-11-16T10:33:16","guid":{"rendered":"http:\/\/alpine-airlines.com\/produit\/gift-voucher-flight-mont-white-private\/"},"modified":"2024-05-29T09:36:25","modified_gmt":"2024-05-29T07:36:25","slug":"gift-voucher-flight-mont-white-private","status":"publish","type":"product","link":"http:\/\/alpine-airlines.com\/en\/produit\/gift-voucher-flight-mont-white-private\/","title":{"rendered":"Chamb\u00e9ry &#8211; Mont Blanc (Privatized)"},"content":{"rendered":"<h3><strong>Discover the Mont Blanc massif by plane!<\/strong><\/h3>\n<h4><strong>This discovery flight to Mont-Blanc is possible at all ages!<\/strong><\/h4>\n<p>Taking off from Chamb\u00e9ry airport, you will fly over the great lakes of Savoy, Meg\u00e8ve, Chamonix, the Mer de Glace, etc.<\/p>\n<p><strong>An unforgettable flight for the whole family!<\/strong><\/p>\n<p><em>Duration: about 55 minutes<\/em><\/p>\n<p><strong><em>Print the gift voucher, fold it in 3 and you just have to offer!<\/em><\/strong><\/p>\n","protected":false},"excerpt":{"rendered":"<h3><strong>Discover the Mont Blanc massif by plane!<\/strong><\/h3>\n<h4><strong>This discovery flight to Mont-Blanc is possible at all ages!<\/strong><\/h4>\n<p>Taking off from Chamb\u00e9ry airport, you will fly over the great lakes of Savoy, Meg\u00e8ve, Chamonix, the Mer de Glace, etc.<\/p>\n<p><strong>An unforgettable flight for the whole family!<\/strong><\/p>\n<p><em>Duration: about 55 minutes<\/em><\/p>\n<p><strong><em>Print the gift voucher, fold it in 3 and you just have to offer!<\/em><\/strong><\/p>\n<p>This ticket is valid for 2 people and the plane is privatized just for you!<\/p>\n","protected":false},"author":1,"featured_media":2698,"template":"","meta":{"advgb_blocks_editor_width":"","advgb_blocks_columns_visual_guide":"","spay_email":""},"yoast_head":"<!-- This site is optimized with the Yoast SEO plugin v16.6 - https:\/\/yoast.com\/wordpress\/plugins\/seo\/ -->\n<title>Chamb\u00e9ry - Mont Blanc (Privatized) - Alpine Airlines<\/title>\n<meta name=\"description\" content=\"Offer a gift voucher for a private flight over the glaciers of Mont Blanc! Unforgettable memory, retirement, wedding, birthday, anniversary, bachelor(ette) party...\" \/>\n<meta name=\"robots\" content=\"index, follow, max-snippet:-1, max-image-preview:large, max-video-preview:-1\" \/>\n<link rel=\"canonical\" href=\"http:\/\/alpine-airlines.com\/en\/produit\/gift-voucher-flight-mont-white-private\/\" \/>\n<meta property=\"og:locale\" content=\"en_US\" \/>\n<meta property=\"og:type\" content=\"article\" \/>\n<meta property=\"og:title\" content=\"Chamb\u00e9ry - Mont Blanc (Privatized) - Alpine Airlines\" \/>\n<meta property=\"og:description\" content=\"Offer a gift voucher for a private flight over the glaciers of Mont Blanc! Unforgettable memory, retirement, wedding, birthday, anniversary, bachelor(ette) party...\" \/>\n<meta property=\"og:url\" content=\"http:\/\/alpine-airlines.com\/en\/produit\/gift-voucher-flight-mont-white-private\/\" \/>\n<meta property=\"og:site_name\" content=\"Alpine Airlines\" \/>\n<meta property=\"article:modified_time\" content=\"2024-05-29T07:36:25+00:00\" \/>\n<meta property=\"og:image\" content=\"http:\/\/alpine-airlines.com\/wp-content\/uploads\/2019\/08\/Bon_cadeau_carr\u00e9_PMB.jpg\" \/>\n\t<meta property=\"og:image:width\" content=\"1000\" \/>\n\t<meta property=\"og:image:height\" content=\"1000\" \/>\n<meta name=\"twitter:card\" content=\"summary_large_image\" \/>\n<script type=\"application\/ld+json\" class=\"yoast-schema-graph\">{\"@context\":\"https:\/\/schema.org\",\"@graph\":[{\"@type\":\"WebSite\",\"@id\":\"http:\/\/alpine-airlines.com\/#website\",\"url\":\"http:\/\/alpine-airlines.com\/\",\"name\":\"Alpine Airlines\",\"description\":\"Compagnie A\\u00e9rienne de Montagne\",\"potentialAction\":[{\"@type\":\"SearchAction\",\"target\":{\"@type\":\"EntryPoint\",\"urlTemplate\":\"http:\/\/alpine-airlines.com\/?s={search_term_string}\"},\"query-input\":\"required name=search_term_string\"}],\"inLanguage\":\"en-US\"},{\"@type\":\"ImageObject\",\"@id\":\"http:\/\/alpine-airlines.com\/en\/produit\/gift-voucher-flight-mont-white-private\/#primaryimage\",\"inLanguage\":\"en-US\",\"url\":\"http:\/\/alpine-airlines.com\/wp-content\/uploads\/2019\/08\/Bon_cadeau_carr\\u00e9_PMB.jpg\",\"contentUrl\":\"http:\/\/alpine-airlines.com\/wp-content\/uploads\/2019\/08\/Bon_cadeau_carr\\u00e9_PMB.jpg\",\"width\":1000,\"height\":1000,\"caption\":\"id\\u00e9e Bon cadeau vol panoramique Mont Blanc avion Alpine Airlines Alpes Chamb\\u00e9ry Courchevel 3 vall\\u00e9es\"},{\"@type\":\"WebPage\",\"@id\":\"http:\/\/alpine-airlines.com\/en\/produit\/gift-voucher-flight-mont-white-private\/#webpage\",\"url\":\"http:\/\/alpine-airlines.com\/en\/produit\/gift-voucher-flight-mont-white-private\/\",\"name\":\"Chamb\\u00e9ry - Mont Blanc (Privatized) - Alpine Airlines\",\"isPartOf\":{\"@id\":\"http:\/\/alpine-airlines.com\/#website\"},\"primaryImageOfPage\":{\"@id\":\"http:\/\/alpine-airlines.com\/en\/produit\/gift-voucher-flight-mont-white-private\/#primaryimage\"},\"datePublished\":\"2019-11-16T10:33:16+00:00\",\"dateModified\":\"2024-05-29T07:36:25+00:00\",\"description\":\"Offer a gift voucher for a private flight over the glaciers of Mont Blanc! Unforgettable memory, retirement, wedding, birthday, anniversary, bachelor(ette) party...\",\"breadcrumb\":{\"@id\":\"http:\/\/alpine-airlines.com\/en\/produit\/gift-voucher-flight-mont-white-private\/#breadcrumb\"},\"inLanguage\":\"en-US\",\"potentialAction\":[{\"@type\":\"ReadAction\",\"target\":[\"http:\/\/alpine-airlines.com\/en\/produit\/gift-voucher-flight-mont-white-private\/\"]}]},{\"@type\":\"BreadcrumbList\",\"@id\":\"http:\/\/alpine-airlines.com\/en\/produit\/gift-voucher-flight-mont-white-private\/#breadcrumb\",\"itemListElement\":[{\"@type\":\"ListItem\",\"position\":1,\"name\":\"Accueil\",\"item\":\"https:\/\/alpine-airlines.com\/en\/\"},{\"@type\":\"ListItem\",\"position\":2,\"name\":\"Boutique\",\"item\":\"http:\/\/alpine-airlines.com\/shop\/\"},{\"@type\":\"ListItem\",\"position\":3,\"name\":\"Chamb\\u00e9ry &#8211; Mont Blanc (Privatized)\"}]}]}<\/script>\n<!-- \/ Yoast SEO plugin. -->","featured_img":"http:\/\/alpine-airlines.com\/wp-content\/uploads\/2019\/08\/Bon_cadeau_carr\u00e9_PMB.jpg","coauthors":[],"author_meta":{"author_link":"http:\/\/alpine-airlines.com\/en\/author\/aero_savoie-73\/","display_name":"Aero_savoie-73"},"relative_dates":{"created":"Posted 7 years ago","modified":"Updated 2 years ago"},"absolute_dates":{"created":"Posted on 12 August 2019","modified":"Updated on 29 May 2024"},"absolute_dates_time":{"created":"Posted on 12 August 2019 22 h 08 min","modified":"Updated on 29 May 2024 9 h 36 min"},"featured_img_caption":"id\u00e9e Bon cadeau vol panoramique Mont Blanc avion Alpine Airlines Alpes Chamb\u00e9ry Courchevel 3 vall\u00e9es","tax_additional":{"product_type":{"linked":["<a href=\"http:\/\/alpine-airlines.com\/en\/?taxonomy=product_type&#038;term=simple\" class=\"advgb-post-tax-term\">simple<\/a>"],"unlinked":["<span class=\"advgb-post-tax-term\">simple<\/span>"],"slug":"product_type","name":"Tags"},"product_visibility":{"linked":[],"unlinked":[],"slug":"product_visibility","name":"Tags"},"product_cat":{"linked":["<a href=\"http:\/\/alpine-airlines.com\/en\/categorie-produit\/chambery\/\" class=\"advgb-post-tax-term\">Chamb\u00e9ry<\/a>"],"unlinked":["<span class=\"advgb-post-tax-term\">Chamb\u00e9ry<\/span>"],"slug":"product_cat","name":"Product categories"},"product_tag":{"linked":[],"unlinked":[],"slug":"product_tag","name":"Product tags"},"product_shipping_class":{"linked":[],"unlinked":[],"slug":"product_shipping_class","name":"Product shipping classes"},"translation_priority":{"linked":["<a href=\"http:\/\/alpine-airlines.com\/en\/?taxonomy=translation_priority&#038;term=facultatif-en-4\" class=\"advgb-post-tax-term\">Facultatif<\/a>"],"unlinked":["<span class=\"advgb-post-tax-term\">Facultatif<\/span>"],"slug":"translation_priority","name":"Translation Priorities"}},"_links":{"self":[{"href":"http:\/\/alpine-airlines.com\/en\/wp-json\/wp\/v2\/product\/8003"}],"collection":[{"href":"http:\/\/alpine-airlines.com\/en\/wp-json\/wp\/v2\/product"}],"about":[{"href":"http:\/\/alpine-airlines.com\/en\/wp-json\/wp\/v2\/types\/product"}],"wp:featuredmedia":[{"embeddable":true,"href":"http:\/\/alpine-airlines.com\/en\/wp-json\/wp\/v2\/media\/2698"}],"wp:attachment":[{"href":"http:\/\/alpine-airlines.com\/en\/wp-json\/wp\/v2\/media?parent=8003"}],"curies":[{"name":"wp","href":"https:\/\/api.w.org\/{rel}","templated":true}]}}