{"id":92510,"date":"2024-05-28T16:58:19","date_gmt":"2024-05-28T14:58:19","guid":{"rendered":"http:\/\/alpine-airlines.com\/produit\/courchevel-grandes-alpes-2-pers\/"},"modified":"2024-08-28T10:52:14","modified_gmt":"2024-08-28T08:52:14","slug":"courchevel-grandes-alpes-2-pers","status":"publish","type":"product","link":"http:\/\/alpine-airlines.com\/en\/produit\/courchevel-grandes-alpes-2-pers\/","title":{"rendered":"Courchevel &#8211; Grandes Alpes (2 pers.)"},"content":{"rendered":"<h3><strong>Crossing the Alps, from the Mont Blanc to the Swiss and Italian Alps!<\/strong><\/h3>\n<p><strong>Alpine Airlines is the only airline offering this flight<\/strong> which will take you through the French, Swiss and Italian Alps. You will fly over to the <strong>Mont Blanc<\/strong> but also have a glance of the Swiss and <strong>Italian peaks, the Vanoise park and the 3 Valleys<\/strong> before heading even further to<strong> the Maurienne valley, the Aiguilles d&#8217;Arves, Belledonnes and more<br \/><\/strong> A breathtaking landscape! Valid for TWO passengers. <em>Duration: around 1h10<\/em><strong><em>Just print the gift voucher, fold it in 3 and hand it over to family or friends!<\/em><\/strong><\/p>\n","protected":false},"excerpt":{"rendered":"<h3><strong>Crossing the Alps, from the Mont Blanc to a view over the Swiss and Italian Alps!<\/strong><\/h3>\n<p><strong>Alpine Airlines is the only airline offering this flight<\/strong> which will take you through the French, Swiss and Italian Alps. You will fly over to the <strong>Mont Blanc<\/strong> but also have a glance of the Swiss and <strong>Italian peaks, the Vanoise park and the 3 Valleys<\/strong> before heading even further to<strong> the Maurienne valley, the Aiguilles d&#8217;Arves, Belledonnes and more<\/strong> A breathtaking scenery! <em>Around 1h10 <\/em><strong><em>Print your gift voucher, fold it in 3 then hand it over to friend or family!<\/em><\/strong> This voucher is valid for 2 people.<\/p>\n","protected":false},"author":1,"featured_media":2693,"template":"","meta":{"advgb_blocks_editor_width":"","advgb_blocks_columns_visual_guide":"","spay_email":""},"yoast_head":"<!-- This site is optimized with the Yoast SEO plugin v16.6 - https:\/\/yoast.com\/wordpress\/plugins\/seo\/ -->\n<title>Courchevel - Grandes Alpes (2 pers.) - Alpine Airlines<\/title>\n<meta name=\"description\" content=\"Offer a gift voucher for a 3-person flight over the Alps and the Mont-Blanc! Unforgettable memory to share, at all ages!\" \/>\n<meta name=\"robots\" content=\"index, follow, max-snippet:-1, max-image-preview:large, max-video-preview:-1\" \/>\n<link rel=\"canonical\" href=\"http:\/\/alpine-airlines.com\/en\/produit\/courchevel-grandes-alpes-2-pers\/\" \/>\n<meta property=\"og:locale\" content=\"en_US\" \/>\n<meta property=\"og:type\" content=\"article\" \/>\n<meta property=\"og:title\" content=\"Courchevel - Grandes Alpes (2 pers.) - Alpine Airlines\" \/>\n<meta property=\"og:description\" content=\"Offer a gift voucher for a 3-person flight over the Alps and the Mont-Blanc! Unforgettable memory to share, at all ages!\" \/>\n<meta property=\"og:url\" content=\"http:\/\/alpine-airlines.com\/en\/produit\/courchevel-grandes-alpes-2-pers\/\" \/>\n<meta property=\"og:site_name\" content=\"Alpine Airlines\" \/>\n<meta property=\"article:modified_time\" content=\"2024-08-28T08:52:14+00:00\" \/>\n<meta property=\"og:image\" content=\"https:\/\/alpine-airlines.com\/wp-content\/uploads\/2019\/05\/Bon_cadeau_carr\u00e9_low.jpg\" \/>\n\t<meta property=\"og:image:width\" content=\"500\" \/>\n\t<meta property=\"og:image:height\" content=\"500\" \/>\n<meta name=\"twitter:card\" content=\"summary_large_image\" \/>\n<script type=\"application\/ld+json\" class=\"yoast-schema-graph\">{\"@context\":\"https:\/\/schema.org\",\"@graph\":[{\"@type\":\"WebSite\",\"@id\":\"https:\/\/alpine-airlines.com\/#website\",\"url\":\"https:\/\/alpine-airlines.com\/\",\"name\":\"Alpine Airlines\",\"description\":\"Compagnie A\\u00e9rienne de Montagne\",\"potentialAction\":[{\"@type\":\"SearchAction\",\"target\":{\"@type\":\"EntryPoint\",\"urlTemplate\":\"https:\/\/alpine-airlines.com\/?s={search_term_string}\"},\"query-input\":\"required name=search_term_string\"}],\"inLanguage\":\"en-US\"},{\"@type\":\"ImageObject\",\"@id\":\"http:\/\/alpine-airlines.com\/en\/produit\/courchevel-grandes-alpes-2-pers\/#primaryimage\",\"inLanguage\":\"en-US\",\"url\":\"http:\/\/alpine-airlines.com\/wp-content\/uploads\/2019\/05\/Bon_cadeau_carr\\u00e9_low.jpg\",\"contentUrl\":\"http:\/\/alpine-airlines.com\/wp-content\/uploads\/2019\/05\/Bon_cadeau_carr\\u00e9_low.jpg\",\"width\":500,\"height\":500,\"caption\":\"id\\u00e9e Bon cadeau vol panoramique Mont Blanc avion Alpine Airlines Alpes Chamb\\u00e9ry Courchevel 3 vall\\u00e9es\"},{\"@type\":\"WebPage\",\"@id\":\"http:\/\/alpine-airlines.com\/en\/produit\/courchevel-grandes-alpes-2-pers\/#webpage\",\"url\":\"http:\/\/alpine-airlines.com\/en\/produit\/courchevel-grandes-alpes-2-pers\/\",\"name\":\"Courchevel - Grandes Alpes (2 pers.) - Alpine Airlines\",\"isPartOf\":{\"@id\":\"https:\/\/alpine-airlines.com\/#website\"},\"primaryImageOfPage\":{\"@id\":\"http:\/\/alpine-airlines.com\/en\/produit\/courchevel-grandes-alpes-2-pers\/#primaryimage\"},\"datePublished\":\"2024-05-28T14:58:19+00:00\",\"dateModified\":\"2024-08-28T08:52:14+00:00\",\"description\":\"Offer a gift voucher for a 3-person flight over the Alps and the Mont-Blanc! Unforgettable memory to share, at all ages!\",\"breadcrumb\":{\"@id\":\"http:\/\/alpine-airlines.com\/en\/produit\/courchevel-grandes-alpes-2-pers\/#breadcrumb\"},\"inLanguage\":\"en-US\",\"potentialAction\":[{\"@type\":\"ReadAction\",\"target\":[\"http:\/\/alpine-airlines.com\/en\/produit\/courchevel-grandes-alpes-2-pers\/\"]}]},{\"@type\":\"BreadcrumbList\",\"@id\":\"http:\/\/alpine-airlines.com\/en\/produit\/courchevel-grandes-alpes-2-pers\/#breadcrumb\",\"itemListElement\":[{\"@type\":\"ListItem\",\"position\":1,\"name\":\"Accueil\",\"item\":\"http:\/\/alpine-airlines.com\/en\/\"},{\"@type\":\"ListItem\",\"position\":2,\"name\":\"Boutique\",\"item\":\"https:\/\/alpine-airlines.com\/shop\/\"},{\"@type\":\"ListItem\",\"position\":3,\"name\":\"Courchevel &#8211; Grandes Alpes (2 pers.)\"}]}]}<\/script>\n<!-- \/ Yoast SEO plugin. -->","featured_img":"http:\/\/alpine-airlines.com\/wp-content\/uploads\/2019\/05\/Bon_cadeau_carr\u00e9_low.jpg","coauthors":[],"author_meta":{"author_link":"http:\/\/alpine-airlines.com\/en\/author\/aero_savoie-73\/","display_name":"Aero_savoie-73"},"relative_dates":{"created":"Posted 2 years ago","modified":"Updated 2 years ago"},"absolute_dates":{"created":"Posted on 28 May 2024","modified":"Updated on 28 August 2024"},"absolute_dates_time":{"created":"Posted on 28 May 2024 16 h 58 min","modified":"Updated on 28 August 2024 10 h 52 min"},"featured_img_caption":"id\u00e9e Bon cadeau vol panoramique Mont Blanc avion Alpine Airlines Alpes Chamb\u00e9ry Courchevel 3 vall\u00e9es","tax_additional":{"product_type":{"linked":["<a href=\"http:\/\/alpine-airlines.com\/en\/?taxonomy=product_type&#038;term=simple\" class=\"advgb-post-tax-term\">simple<\/a>"],"unlinked":["<span class=\"advgb-post-tax-term\">simple<\/span>"],"slug":"product_type","name":"Tags"},"product_visibility":{"linked":[],"unlinked":[],"slug":"product_visibility","name":"Tags"},"product_cat":{"linked":["<a href=\"http:\/\/alpine-airlines.com\/en\/categorie-produit\/courchevel-en\/\" class=\"advgb-post-tax-term\">Courchevel<\/a>"],"unlinked":["<span class=\"advgb-post-tax-term\">Courchevel<\/span>"],"slug":"product_cat","name":"Product categories"},"product_tag":{"linked":[],"unlinked":[],"slug":"product_tag","name":"Product tags"},"product_shipping_class":{"linked":[],"unlinked":[],"slug":"product_shipping_class","name":"Product shipping classes"},"translation_priority":{"linked":["<a href=\"http:\/\/alpine-airlines.com\/en\/?taxonomy=translation_priority&#038;term=facultatif-en-4\" class=\"advgb-post-tax-term\">Facultatif<\/a>"],"unlinked":["<span class=\"advgb-post-tax-term\">Facultatif<\/span>"],"slug":"translation_priority","name":"Translation Priorities"}},"_links":{"self":[{"href":"http:\/\/alpine-airlines.com\/en\/wp-json\/wp\/v2\/product\/92510"}],"collection":[{"href":"http:\/\/alpine-airlines.com\/en\/wp-json\/wp\/v2\/product"}],"about":[{"href":"http:\/\/alpine-airlines.com\/en\/wp-json\/wp\/v2\/types\/product"}],"wp:featuredmedia":[{"embeddable":true,"href":"http:\/\/alpine-airlines.com\/en\/wp-json\/wp\/v2\/media\/2693"}],"wp:attachment":[{"href":"http:\/\/alpine-airlines.com\/en\/wp-json\/wp\/v2\/media?parent=92510"}],"curies":[{"name":"wp","href":"https:\/\/api.w.org\/{rel}","templated":true}]}}