{"id":1070,"date":"2019-06-14T17:37:38","date_gmt":"2019-06-14T15:37:38","guid":{"rendered":"http:\/\/alpine-airlines.com\/\/commitments\/"},"modified":"2020-04-22T16:16:34","modified_gmt":"2020-04-22T14:16:34","slug":"commitments","status":"publish","type":"page","link":"https:\/\/alpine-airlines.com\/en\/commitments\/","title":{"rendered":"Commitments"},"content":{"rendered":"\n<div class=\"wp-block-image\"><figure class=\"aligncenter is-resized\"><img loading=\"lazy\" src=\"http:\/\/alpine-airlines.com\/wp-content\/uploads\/2019\/10\/ALPINE_AIRLINES_logoPrint-1024x256.png\" alt=\"Sustainable transport\" class=\"wp-image-6067\" width=\"948\" height=\"237\" srcset=\"https:\/\/alpine-airlines.com\/wp-content\/uploads\/2019\/10\/ALPINE_AIRLINES_logoPrint-1024x256.png 1024w, https:\/\/alpine-airlines.com\/wp-content\/uploads\/2019\/10\/ALPINE_AIRLINES_logoPrint-300x75.png 300w, https:\/\/alpine-airlines.com\/wp-content\/uploads\/2019\/10\/ALPINE_AIRLINES_logoPrint-768x192.png 768w, https:\/\/alpine-airlines.com\/wp-content\/uploads\/2019\/10\/ALPINE_AIRLINES_logoPrint-600x150.png 600w, https:\/\/alpine-airlines.com\/wp-content\/uploads\/2019\/10\/ALPINE_AIRLINES_logoPrint.png 1419w\" sizes=\"(max-width: 948px) 100vw, 948px\" \/><\/figure><\/div>\n\n\n\n<h1 style=\"text-align:center\">The Company&#8217;s commitments<\/h1>\n\n\n\n<div style=\"height:25px\" aria-hidden=\"true\" class=\"wp-block-spacer\"><\/div>\n\n\n\n<div class=\"wp-block-advgb-icon icon-wrapper advgb-icon-724511a4-f863-4627-952f-b6c91e7eb72b\"><div class=\"advgb-icons\"><div class=\"advgb-icon-style-stacked advgb-icon-wrap advgb-item-0\"><span class=\"advgb-icon advgb-icon-airplanemode_active\"><i class=\"material-icons-outlined\">airplanemode_active<\/i><\/span><\/div><div class=\"advgb-icon-style-stacked advgb-icon-wrap advgb-item-1\"><span class=\"advgb-icon advgb-icon-airline_seat_recline_extra\"><i class=\"material-icons-outlined\">airline_seat_recline_extra<\/i><\/span><\/div><div class=\"advgb-icon-style-stacked advgb-icon-wrap advgb-item-2\"><span class=\"advgb-icon advgb-icon-supervisor_account\"><i class=\"material-icons-outlined\">supervisor_account<\/i><\/span><\/div><div class=\"advgb-icon-style-stacked advgb-icon-wrap advgb-item-3\"><span class=\"advgb-icon advgb-icon-terrain\"><i class=\"material-icons-outlined\">terrain<\/i><\/span><\/div><\/div><\/div>\n\n\n\n<div style=\"height:20px\" aria-hidden=\"true\" class=\"wp-block-spacer\"><\/div>\n\n\n\n<div class=\"wp-block-advgb-button alignwide is-style-outlined\"><a class=\"wp-block-advgb-button_link advgbbutton-8f13dfc5-a779-42ec-aa12-0b30cfae3db7\" href=\"#\" target=\"_self\" rel=\"noopener noreferrer\"><strong>#Safety<\/strong><\/a><\/div>\n\n\n\n<p class=\"has-medium-font-size\"><strong>The safety and comfort<\/strong> of our passengers is the airline&#8217;s priorities.<\/p>\n\n\n\n<p style=\"text-align:left\" class=\"has-medium-font-size\">All our operations are carried out in commercial flight, under french airline certificate, at the last of the European agency &#8211; EASA.<\/p>\n\n\n\n<p style=\"text-align:left\" class=\"has-medium-font-size\"><a href=\"http:\/\/alpine-airlines.com\/en\/fleet\/\" target=\"_blank\" rel=\"noreferrer noopener\" aria-label=\"Nos appareils sont exclusivement multimoteurs, (opens in a new tab)\">Our aircraft are exclusively multi-engine, <\/a>particularly suitable for mountain flying and sea crossings.<\/p>\n\n\n\n<p style=\"text-align:left\" class=\"has-medium-font-size\">The crews come from <a rel=\"noreferrer noopener\" aria-label=\" (opens in a new tab)\" href=\"http:\/\/alpine-airlines.com\/en\/mountain-rating-courchevel-training-lflj-meribel-lfkx-megeve-lfhm\/\" target=\"_blank\">our own mountain flying training school, <\/a>approved by the latest standards of the European agency, allowing our company to be the reference for mountain flying.<\/p>\n\n\n\n<p class=\"has-medium-font-size\"><strong>6 times a year, <\/strong>our pilots are checked by very experienced instructors<\/p>\n\n\n\n<p class=\"has-medium-font-size\">Alpine airlines is the <strong>only airline authorized<\/strong> for mountain operations on <a rel=\"noreferrer noopener\" aria-label=\"Courchevel, (opens in a new tab)\" href=\"http:\/\/alpine-airlines.com\/en\/courchevel-airport-private-commercial-flights-for-winter\/\" target=\"_blank\">Courchevel<\/a> altiports, <a rel=\"noreferrer noopener\" aria-label=\"Meg\u00e8ve. (opens in a new tab)\" href=\"http:\/\/alpine-airlines.com\/en\/2019\/10\/18\/altiport-of-megeve-flight-commercial-transfert-flight-alpine\/\" target=\"_blank\">Meg\u00e8ve.<\/a><\/p>\n\n\n\n<div style=\"height:20px\" aria-hidden=\"true\" class=\"wp-block-spacer\"><\/div>\n\n\n\n<div class=\"wp-block-advgb-button alignwide is-style-outlined\"><a class=\"wp-block-advgb-button_link advgbbutton-8f13dfc5-a779-42ec-aa12-0b30cfae3db7\" href=\"#\" target=\"_self\" rel=\"noopener noreferrer\"><strong>#Flexibility<\/strong><\/a><\/div>\n\n\n\n<p class=\"has-medium-font-size\"><strong>Service is essential <\/strong>to the satisfaction of our passengers.<\/p>\n\n\n\n<p class=\"has-medium-font-size\">We use <strong>international airports as the smallest regional airfields,<\/strong> as close as possible to your destinations.<\/p>\n\n\n\n<p class=\"has-medium-font-size\">The ability to use all these airfields, including grass runways, is the <strong>key to your mobility.<\/strong><\/p>\n\n\n\n<p class=\"has-medium-font-size\">Our schedules adapt to your needs, in all circumstances. <\/p>\n\n\n\n<p class=\"has-medium-font-size\">A fully dedicated team makes sure to carry out your requests.<\/p>\n\n\n\n<div style=\"height:20px\" aria-hidden=\"true\" class=\"wp-block-spacer\"><\/div>\n\n\n\n<div class=\"wp-block-advgb-button alignwide is-style-outlined\"><a class=\"wp-block-advgb-button_link advgbbutton-8f13dfc5-a779-42ec-aa12-0b30cfae3db7\" href=\"#\" target=\"_self\" rel=\"noopener noreferrer\"><strong>#Easy<\/strong><\/a><\/div>\n\n\n\n<p class=\"has-medium-font-size\"><strong>Booking <\/strong>is the key to a pleasant, fluid service and a lasting relationship.<\/p>\n\n\n\n<p class=\"has-medium-font-size\"><strong>Your interlocutors are few<\/strong> and very quickly our company will become your company, our pilots will be your pilots.<\/p>\n\n\n\n<p class=\"has-medium-font-size\"><strong>With total discretion,<\/strong>this restricted environment will establish a relationship of trust, <strong>necessary to your satisfaction.<\/strong><\/p>\n\n\n\n<p class=\"has-medium-font-size\"><strong>Quickly, a simple SMS or phone message will be enough to book your flight. <\/strong><\/p>\n\n\n\n<div style=\"height:20px\" aria-hidden=\"true\" class=\"wp-block-spacer\"><\/div>\n\n\n\n<div class=\"wp-block-advgb-infobox advgb-infobox-wrapper has-text-align-center advgb-infobox-ed3ba91d-57e1-4483-a8fd-41fe8ba24f7d\"><div class=\"advgb-infobox-wrap\"><div class=\"advgb-infobox-icon-container\"><div class=\"advgb-infobox-icon-inner-container\"><i class=\"material-icons-outlined\">landscape<\/i><\/div><\/div><div class=\"advgb-infobox-textcontent\"><h2 class=\"advgb-infobox-title\">A  Sustainable airlines<\/h2><p class=\"advgb-infobox-text\"><br> <strong>Alpine Airlines<\/strong>, <strong>a player in responsible transport and sustainable tourism.<\/strong><br><br>By focusing on choosing <strong>airplanes among the least polluting <\/strong>of the market, Alpine Airlines is part of the <strong>Eco-responsible approach of Transport.<\/strong><br><br>With  CO2 and NOx emissions 2 to 3 times lower than our competitors (Citation  Jets, King air, Pilatus PC12, Mono and Bi-Turbine Helicopters),<strong>our company becomes a catalyst for positive change.<\/strong><br><br><strong>The on-board documents<\/strong> are completely dematerialized (boarding pass and electronic flight documents) <strong>to avoid unnecessary printing.<\/strong><br><br>Encouragement of business practices and consumer behavior towards more <strong>sustainable tourism.<\/strong><br><br>We integrate our corporate commitments into customer relations by offering quality products and responsible services. <br>In cooperation with our suppliers and partners, <strong>we integrate sustainable development throughout the service chain.<\/strong><br><br>Discover  here our charter of commitments on a daily basis, but also for the  future of our responsible and sustainable air transport. Nous int\u00e9grons nos engagements d\u2019entreprise responsable dans la relation client en offrant des produits et des services responsables de qualit\u00e9. <br>En coop\u00e9ration avec nos fournisseurs et nos partenaires,\u00a0<strong>nous int\u00e9grons le d\u00e9veloppement durable tout au long de la cha\u00eene de service.<\/strong><br><br>D\u00e9couvrez ici notre charte d&#8217;engagements au quotidien, mais aussi pour le futur de notre transport a\u00e9rien responsable et durable.<\/p><\/div><\/div><\/div>\n\n\n\n<blockquote style=\"text-align:left\" class=\"wp-block-quote\"><p> \u00ab Tourism has become a pillar of economies, a passport to prosperity, and a transformation force for improving millions of lives. \u00bb<\/p><cite> <em>Taleb Rifai, secretary-general of the UN World Tourism Organization<\/em>  <\/cite><\/blockquote>\n<style class=\"advgb-styles-renderer\">#advgb-icon-724511a4-f863-4627-952f-b6c91e7eb72b .advgb-icons, .advgb-icon-724511a4-f863-4627-952f-b6c91e7eb72b .advgb-icons {text-align: center;}#advgb-icon-724511a4-f863-4627-952f-b6c91e7eb72b .advgb-item-0 .advgb-icon, .advgb-icon-724511a4-f863-4627-952f-b6c91e7eb72b .advgb-item-0 .advgb-icon {display: flex;align-items:center;margin-top: 0px;margin-bottom: 0px;margin-left: 0px;margin-right: 40px;padding-top: 20px;padding-bottom: 20px;padding-left: 20px;padding-right: 20px;border-width: 2px;border-style: solid;border-color: #4d4d4d;border-radius: 10%;background-color: transparent;}#advgb-icon-724511a4-f863-4627-952f-b6c91e7eb72b .advgb-item-0 .advgb-icon > i, .advgb-icon-724511a4-f863-4627-952f-b6c91e7eb72b .advgb-item-0 .advgb-icon > i{font-size: 85px;color: #d40000;}#advgb-icon-724511a4-f863-4627-952f-b6c91e7eb72b .advgb-item-1 .advgb-icon, .advgb-icon-724511a4-f863-4627-952f-b6c91e7eb72b .advgb-item-1 .advgb-icon {display: flex;align-items:center;margin-top: 0px;margin-bottom: 0px;margin-left: 0px;margin-right: 40px;padding-top: 20px;padding-bottom: 20px;padding-left: 20px;padding-right: 20px;border-width: 2px;border-style: solid;border-color: #4d4d4d;border-radius: 10%;background-color: ;}#advgb-icon-724511a4-f863-4627-952f-b6c91e7eb72b .advgb-item-1 .advgb-icon > i, .advgb-icon-724511a4-f863-4627-952f-b6c91e7eb72b .advgb-item-1 .advgb-icon > i{font-size: 85px;color: #d40000;}#advgb-icon-724511a4-f863-4627-952f-b6c91e7eb72b .advgb-item-2 .advgb-icon, .advgb-icon-724511a4-f863-4627-952f-b6c91e7eb72b .advgb-item-2 .advgb-icon {display: flex;align-items:center;margin-top: 0px;margin-bottom: 0px;margin-left: 0px;margin-right: 40px;padding-top: 20px;padding-bottom: 20px;padding-left: 20px;padding-right: 20px;border-width: 2px;border-style: solid;border-color: #4d4d4d;border-radius: 10%;background-color: ;}#advgb-icon-724511a4-f863-4627-952f-b6c91e7eb72b .advgb-item-2 .advgb-icon > i, .advgb-icon-724511a4-f863-4627-952f-b6c91e7eb72b .advgb-item-2 .advgb-icon > i{font-size: 85px;color: #d40000;}#advgb-icon-724511a4-f863-4627-952f-b6c91e7eb72b .advgb-item-3 .advgb-icon, .advgb-icon-724511a4-f863-4627-952f-b6c91e7eb72b .advgb-item-3 .advgb-icon {display: flex;align-items:center;margin-top: 0px;margin-bottom: 0px;margin-left: 0px;margin-right: 40px;padding-top: 20px;padding-bottom: 20px;padding-left: 20px;padding-right: 20px;border-width: 2px;border-style: solid;border-color: #4d4d4d;border-radius: 10%;background-color: ;}#advgb-icon-724511a4-f863-4627-952f-b6c91e7eb72b .advgb-item-3 .advgb-icon > i, .advgb-icon-724511a4-f863-4627-952f-b6c91e7eb72b .advgb-item-3 .advgb-icon > i{font-size: 85px;color: #309c15;}#advgb-icon-724511a4-f863-4627-952f-b6c91e7eb72b .advgb-item-4 .advgb-icon, .advgb-icon-724511a4-f863-4627-952f-b6c91e7eb72b .advgb-item-4 .advgb-icon {display: flex;align-items:center;margin-top: 0px;margin-bottom: 0px;margin-left: 0px;margin-right: 40px;padding-top: 0;padding-bottom: 0;padding-left: 0;padding-right: 0;border-width: 0;border-style: solid;border-color: #111;border-radius: 0%;background-color: ;}#advgb-icon-724511a4-f863-4627-952f-b6c91e7eb72b .advgb-item-4 .advgb-icon > i, .advgb-icon-724511a4-f863-4627-952f-b6c91e7eb72b .advgb-item-4 .advgb-icon > i{font-size: 120px;color: #111111;}#advgb-icon-724511a4-f863-4627-952f-b6c91e7eb72b .advgb-item-5 .advgb-icon, .advgb-icon-724511a4-f863-4627-952f-b6c91e7eb72b .advgb-item-5 .advgb-icon {display: flex;align-items:center;margin-top: 0px;margin-bottom: 0px;margin-left: 0px;margin-right: 40px;padding-top: 0;padding-bottom: 0;padding-left: 0;padding-right: 0;border-width: 0;border-style: solid;border-color: #111;border-radius: 0%;background-color: ;}#advgb-icon-724511a4-f863-4627-952f-b6c91e7eb72b .advgb-item-5 .advgb-icon > i, .advgb-icon-724511a4-f863-4627-952f-b6c91e7eb72b .advgb-item-5 .advgb-icon > i{font-size: 120px;color: #111111;}#advgb-icon-724511a4-f863-4627-952f-b6c91e7eb72b .advgb-item-6 .advgb-icon, .advgb-icon-724511a4-f863-4627-952f-b6c91e7eb72b .advgb-item-6 .advgb-icon {display: flex;align-items:center;margin-top: 0px;margin-bottom: 0px;margin-left: 0px;margin-right: 40px;padding-top: 0;padding-bottom: 0;padding-left: 0;padding-right: 0;border-width: 0;border-style: solid;border-color: #111;border-radius: 0%;background-color: ;}#advgb-icon-724511a4-f863-4627-952f-b6c91e7eb72b .advgb-item-6 .advgb-icon > i, .advgb-icon-724511a4-f863-4627-952f-b6c91e7eb72b .advgb-item-6 .advgb-icon > i{font-size: 120px;color: #111111;}#advgb-icon-724511a4-f863-4627-952f-b6c91e7eb72b .advgb-item-7 .advgb-icon, .advgb-icon-724511a4-f863-4627-952f-b6c91e7eb72b .advgb-item-7 .advgb-icon {display: flex;align-items:center;margin-top: 0px;margin-bottom: 0px;margin-left: 0px;margin-right: 40px;padding-top: 0;padding-bottom: 0;padding-left: 0;padding-right: 0;border-width: 0;border-style: solid;border-color: #111;border-radius: 0%;background-color: ;}#advgb-icon-724511a4-f863-4627-952f-b6c91e7eb72b .advgb-item-7 .advgb-icon > i, .advgb-icon-724511a4-f863-4627-952f-b6c91e7eb72b .advgb-item-7 .advgb-icon > i{font-size: 120px;color: #111111;}#advgb-icon-724511a4-f863-4627-952f-b6c91e7eb72b .advgb-item-8 .advgb-icon, .advgb-icon-724511a4-f863-4627-952f-b6c91e7eb72b .advgb-item-8 .advgb-icon {display: flex;align-items:center;margin-top: 0px;margin-bottom: 0px;margin-left: 0px;margin-right: 40px;padding-top: 0;padding-bottom: 0;padding-left: 0;padding-right: 0;border-width: 0;border-style: solid;border-color: #111;border-radius: 0%;background-color: ;}#advgb-icon-724511a4-f863-4627-952f-b6c91e7eb72b .advgb-item-8 .advgb-icon > i, .advgb-icon-724511a4-f863-4627-952f-b6c91e7eb72b .advgb-item-8 .advgb-icon > i{font-size: 120px;color: #111111;}#advgb-icon-724511a4-f863-4627-952f-b6c91e7eb72b .advgb-item-9 .advgb-icon, .advgb-icon-724511a4-f863-4627-952f-b6c91e7eb72b .advgb-item-9 .advgb-icon {display: flex;align-items:center;margin-top: 0px;margin-bottom: 0px;margin-left: 0px;margin-right: 40px;padding-top: 0;padding-bottom: 0;padding-left: 0;padding-right: 0;border-width: 0;border-style: solid;border-color: #111;border-radius: 0%;background-color: ;}#advgb-icon-724511a4-f863-4627-952f-b6c91e7eb72b .advgb-item-9 .advgb-icon > i, .advgb-icon-724511a4-f863-4627-952f-b6c91e7eb72b .advgb-item-9 .advgb-icon > i{font-size: 120px;color: #111111;}.advgbbutton-8f13dfc5-a779-42ec-aa12-0b30cfae3db7{font-size:35px;color:#d40000 !important;background-color:#2196f3 !important;margin:0px 0px 0px 0px !important;padding:10px 30px 10px 30px;border-width:2px !important;border-color:#4d4d4d !important;border-style:solid !important;border-radius:10px !important;}.advgbbutton-8f13dfc5-a779-42ec-aa12-0b30cfae3db7:hover{color: !important;background-color: !important;box-shadow:1px 1px 12px 0px #ccc;opacity:0.7;transition:all 0.2s ease;}.advgbbutton-8f13dfc5-a779-42ec-aa12-0b30cfae3db7{font-size:35px;color:#d40000 !important;background-color:#2196f3 !important;margin:0px 0px 0px 0px !important;padding:10px 30px 10px 30px;border-width:2px !important;border-color:#4d4d4d !important;border-style:solid !important;border-radius:10px !important;}.advgbbutton-8f13dfc5-a779-42ec-aa12-0b30cfae3db7:hover{color: !important;background-color: !important;box-shadow:1px 1px 12px 0px #ccc;opacity:0.7;transition:all 0.2s ease;}.advgbbutton-8f13dfc5-a779-42ec-aa12-0b30cfae3db7{font-size:35px;color:#d40000 !important;background-color:#2196f3 !important;margin:0px 0px 0px 0px !important;padding:10px 30px 10px 30px;border-width:2px !important;border-color:#4d4d4d !important;border-style:solid !important;border-radius:10px !important;}.advgbbutton-8f13dfc5-a779-42ec-aa12-0b30cfae3db7:hover{color: !important;background-color: !important;box-shadow:1px 1px 12px 0px #ccc;opacity:0.7;transition:all 0.2s ease;}#advgb-infobox-ed3ba91d-57e1-4483-a8fd-41fe8ba24f7d, .advgb-infobox-ed3ba91d-57e1-4483-a8fd-41fe8ba24f7d {background-color: #f5f5f5;padding: 20px 20px 20px 20px;border: 0px solid #e8e8e8 ;border-radius: 62px;}#advgb-infobox-ed3ba91d-57e1-4483-a8fd-41fe8ba24f7d .advgb-infobox-icon-container, .advgb-infobox-ed3ba91d-57e1-4483-a8fd-41fe8ba24f7d .advgb-infobox-icon-container {background-color: #f5f5f5;padding: 0;margin: 0;border: 0px solid #e8e8e8 ;border-radius: 0px;}#advgb-infobox-ed3ba91d-57e1-4483-a8fd-41fe8ba24f7d .advgb-infobox-icon-container i, .advgb-infobox-ed3ba91d-57e1-4483-a8fd-41fe8ba24f7d .advgb-infobox-icon-container i {color: #309c15;font-size: 120px;display: block;}#advgb-infobox-ed3ba91d-57e1-4483-a8fd-41fe8ba24f7d .advgb-infobox-textcontent .advgb-infobox-title, .advgb-infobox-ed3ba91d-57e1-4483-a8fd-41fe8ba24f7d .advgb-infobox-textcontent .advgb-infobox-title {color: #333;padding: 0;margin: 5px 0 10px 0;white-space: pre-wrap;}#advgb-infobox-ed3ba91d-57e1-4483-a8fd-41fe8ba24f7d .advgb-infobox-textcontent .advgb-infobox-text, .advgb-infobox-ed3ba91d-57e1-4483-a8fd-41fe8ba24f7d .advgb-infobox-textcontent .advgb-infobox-text {color: #333;padding: 0;margin: 0;white-space: pre-wrap;}<\/style>","protected":false},"excerpt":{"rendered":"<p>The Company&#8217;s commitments The safety and comfort of our passengers is the airline&#8217;s priorities. All our operations are carried out in commercial flight, under french airline certificate, at the last of the European agency &#8211; EASA. Our aircraft are exclusively multi-engine, particularly suitable for mountain flying and sea crossings. The crews come from our own &#8230; <a title=\"Commitments\" class=\"read-more\" href=\"https:\/\/alpine-airlines.com\/en\/commitments\/\" aria-label=\"More on Commitments\">Read more<\/a><\/p>\n","protected":false},"author":2,"featured_media":0,"parent":0,"menu_order":0,"comment_status":"closed","ping_status":"closed","template":"","meta":{"advgb_blocks_editor_width":"","advgb_blocks_columns_visual_guide":"","spay_email":""},"yoast_head":"<!-- This site is optimized with the Yoast SEO plugin v16.6 - https:\/\/yoast.com\/wordpress\/plugins\/seo\/ -->\n<title>Commitments - Alpine Airlines | S\u00e9curit\u00e9 &amp; Transport responsable<\/title>\n<meta name=\"description\" content=\"Alpine airlines is committed to safety and sustainable and responsible air transport. Commitments but also concrete strategies, on a daily basis.\" \/>\n<meta name=\"robots\" content=\"index, follow, max-snippet:-1, max-image-preview:large, max-video-preview:-1\" \/>\n<link rel=\"canonical\" href=\"https:\/\/alpine-airlines.com\/en\/commitments\/\" \/>\n<meta property=\"og:locale\" content=\"en_US\" \/>\n<meta property=\"og:type\" content=\"article\" \/>\n<meta property=\"og:title\" content=\"Commitments - Alpine Airlines | S\u00e9curit\u00e9 &amp; Transport responsable\" \/>\n<meta property=\"og:description\" content=\"Alpine airlines is committed to safety and sustainable and responsible air transport. Commitments but also concrete strategies, on a daily basis.\" \/>\n<meta property=\"og:url\" content=\"https:\/\/alpine-airlines.com\/en\/commitments\/\" \/>\n<meta property=\"og:site_name\" content=\"Alpine Airlines\" \/>\n<meta property=\"article:modified_time\" content=\"2020-04-22T14:16:34+00:00\" \/>\n<meta property=\"og:image\" content=\"http:\/\/alpine-airlines.com\/wp-content\/uploads\/2019\/10\/ALPINE_AIRLINES_logoPrint-1024x256.png\" \/>\n<meta name=\"twitter:card\" content=\"summary_large_image\" \/>\n<meta name=\"twitter:label1\" content=\"Est. reading time\" \/>\n\t<meta name=\"twitter:data1\" content=\"2 minutes\" \/>\n<script type=\"application\/ld+json\" class=\"yoast-schema-graph\">{\"@context\":\"https:\/\/schema.org\",\"@graph\":[{\"@type\":\"WebSite\",\"@id\":\"http:\/\/alpine-airlines.com\/en\/#website\",\"url\":\"http:\/\/alpine-airlines.com\/en\/\",\"name\":\"Alpine Airlines\",\"description\":\"Compagnie A\\u00e9rienne de Montagne\",\"potentialAction\":[{\"@type\":\"SearchAction\",\"target\":{\"@type\":\"EntryPoint\",\"urlTemplate\":\"http:\/\/alpine-airlines.com\/en\/?s={search_term_string}\"},\"query-input\":\"required name=search_term_string\"}],\"inLanguage\":\"en-US\"},{\"@type\":\"ImageObject\",\"@id\":\"https:\/\/alpine-airlines.com\/en\/commitments\/#primaryimage\",\"inLanguage\":\"en-US\",\"url\":\"http:\/\/alpine-airlines.com\/wp-content\/uploads\/2019\/10\/ALPINE_AIRLINES_logoPrint-1024x256.png\",\"contentUrl\":\"http:\/\/alpine-airlines.com\/wp-content\/uploads\/2019\/10\/ALPINE_AIRLINES_logoPrint-1024x256.png\"},{\"@type\":\"WebPage\",\"@id\":\"https:\/\/alpine-airlines.com\/en\/commitments\/#webpage\",\"url\":\"https:\/\/alpine-airlines.com\/en\/commitments\/\",\"name\":\"Commitments - Alpine Airlines | S\\u00e9curit\\u00e9 & Transport responsable\",\"isPartOf\":{\"@id\":\"http:\/\/alpine-airlines.com\/en\/#website\"},\"primaryImageOfPage\":{\"@id\":\"https:\/\/alpine-airlines.com\/en\/commitments\/#primaryimage\"},\"datePublished\":\"2019-06-14T15:37:38+00:00\",\"dateModified\":\"2020-04-22T14:16:34+00:00\",\"description\":\"Alpine airlines is committed to safety and sustainable and responsible air transport. Commitments but also concrete strategies, on a daily basis.\",\"breadcrumb\":{\"@id\":\"https:\/\/alpine-airlines.com\/en\/commitments\/#breadcrumb\"},\"inLanguage\":\"en-US\",\"potentialAction\":[{\"@type\":\"ReadAction\",\"target\":[\"https:\/\/alpine-airlines.com\/en\/commitments\/\"]}]},{\"@type\":\"BreadcrumbList\",\"@id\":\"https:\/\/alpine-airlines.com\/en\/commitments\/#breadcrumb\",\"itemListElement\":[{\"@type\":\"ListItem\",\"position\":1,\"name\":\"Accueil\",\"item\":\"http:\/\/alpine-airlines.com\/en\/\"},{\"@type\":\"ListItem\",\"position\":2,\"name\":\"Commitments\"}]}]}<\/script>\n<!-- \/ Yoast SEO plugin. -->","coauthors":[],"author_meta":{"author_link":"https:\/\/alpine-airlines.com\/en\/author\/alpine_airlines\/","display_name":"Alpine Airlines"},"relative_dates":{"created":"Posted 7 years ago","modified":"Updated 6 years ago"},"absolute_dates":{"created":"Posted on 14 June 2019","modified":"Updated on 22 April 2020"},"absolute_dates_time":{"created":"Posted on 14 June 2019 17 h 37 min","modified":"Updated on 22 April 2020 16 h 16 min"},"featured_img_caption":"","_links":{"self":[{"href":"https:\/\/alpine-airlines.com\/en\/wp-json\/wp\/v2\/pages\/1070"}],"collection":[{"href":"https:\/\/alpine-airlines.com\/en\/wp-json\/wp\/v2\/pages"}],"about":[{"href":"https:\/\/alpine-airlines.com\/en\/wp-json\/wp\/v2\/types\/page"}],"author":[{"embeddable":true,"href":"https:\/\/alpine-airlines.com\/en\/wp-json\/wp\/v2\/users\/2"}],"replies":[{"embeddable":true,"href":"https:\/\/alpine-airlines.com\/en\/wp-json\/wp\/v2\/comments?post=1070"}],"version-history":[{"count":11,"href":"https:\/\/alpine-airlines.com\/en\/wp-json\/wp\/v2\/pages\/1070\/revisions"}],"predecessor-version":[{"id":16277,"href":"https:\/\/alpine-airlines.com\/en\/wp-json\/wp\/v2\/pages\/1070\/revisions\/16277"}],"wp:attachment":[{"href":"https:\/\/alpine-airlines.com\/en\/wp-json\/wp\/v2\/media?parent=1070"}],"curies":[{"name":"wp","href":"https:\/\/api.w.org\/{rel}","templated":true}]}}